{"id":1073,"date":"2024-07-15T15:09:45","date_gmt":"2024-07-15T13:09:45","guid":{"rendered":"https:\/\/celineantoine.art\/?page_id=1073"},"modified":"2024-08-01T07:56:01","modified_gmt":"2024-08-01T05:56:01","slug":"sur-vitrines","status":"publish","type":"page","link":"https:\/\/celineantoine.art\/en\/sur-vitrines\/","title":{"rendered":"Sur vitrines"},"content":{"rendered":"<style>.wp-block-kadence-spacer.kt-block-spacer-1073_3ec2a9-b0 .kt-block-spacer{height:60px;}.wp-block-kadence-spacer.kt-block-spacer-1073_3ec2a9-b0 .kt-divider{border-top-width:1px;height:1px;border-top-color:#eee;width:80%;border-top-style:solid;}<\/style>\n<div class=\"wp-block-kadence-spacer aligncenter kt-block-spacer-1073_3ec2a9-b0\"><div class=\"kt-block-spacer kt-block-spacer-halign-center\"><hr class=\"kt-divider\"\/><\/div><\/div>\n\n\n\n<h2 class=\"wp-block-heading has-theme-palette-9-color has-text-color has-link-color has-larger-font-size wp-elements-057b724accb91ed692e612dd1db4cde7\">D\u00e9corations sur Vitrines:<\/h2>\n\n\n<style>.wp-block-kadence-advancedheading.kt-adv-heading1073_4decc8-b2, .wp-block-kadence-advancedheading.kt-adv-heading1073_4decc8-b2[data-kb-block=\"kb-adv-heading1073_4decc8-b2\"]{font-style:normal;}.wp-block-kadence-advancedheading.kt-adv-heading1073_4decc8-b2 mark.kt-highlight, .wp-block-kadence-advancedheading.kt-adv-heading1073_4decc8-b2[data-kb-block=\"kb-adv-heading1073_4decc8-b2\"] mark.kt-highlight{font-style:normal;color:#f76a0c;-webkit-box-decoration-break:clone;box-decoration-break:clone;padding-top:0px;padding-right:0px;padding-bottom:0px;padding-left:0px;}.wp-block-kadence-advancedheading.kt-adv-heading1073_4decc8-b2 img.kb-inline-image, .wp-block-kadence-advancedheading.kt-adv-heading1073_4decc8-b2[data-kb-block=\"kb-adv-heading1073_4decc8-b2\"] img.kb-inline-image{width:150px;vertical-align:baseline;}<\/style>\n<h2 class=\"kt-adv-heading1073_4decc8-b2 wp-block-kadence-advancedheading has-theme-palette-9-color has-text-color\" data-kb-block=\"kb-adv-heading1073_4decc8-b2\">Des r\u00e9alisations pour attirer tous les regards, peintes \u00e0 la main, vari\u00e9es s&rsquo;adaptant \u00e0 tous types de commerces avec le respect de l&rsquo;agencement des vitrines. R\u00e9alisation en int\u00e9rieur ou ext\u00e9rieur avec une peinture non permanente ayant une r\u00e9sistance plus ou moins importante (selon besoin).<\/h2>\n\n\n<style>.wp-block-kadence-advancedheading.kt-adv-heading1073_f521ff-9f, .wp-block-kadence-advancedheading.kt-adv-heading1073_f521ff-9f[data-kb-block=\"kb-adv-heading1073_f521ff-9f\"]{font-style:normal;}.wp-block-kadence-advancedheading.kt-adv-heading1073_f521ff-9f mark.kt-highlight, .wp-block-kadence-advancedheading.kt-adv-heading1073_f521ff-9f[data-kb-block=\"kb-adv-heading1073_f521ff-9f\"] mark.kt-highlight{font-style:normal;color:#f76a0c;-webkit-box-decoration-break:clone;box-decoration-break:clone;padding-top:0px;padding-right:0px;padding-bottom:0px;padding-left:0px;}.wp-block-kadence-advancedheading.kt-adv-heading1073_f521ff-9f img.kb-inline-image, .wp-block-kadence-advancedheading.kt-adv-heading1073_f521ff-9f[data-kb-block=\"kb-adv-heading1073_f521ff-9f\"] img.kb-inline-image{width:150px;vertical-align:baseline;}<\/style>\n<h2 class=\"kt-adv-heading1073_f521ff-9f wp-block-kadence-advancedheading has-theme-palette-9-color has-text-color\" data-kb-block=\"kb-adv-heading1073_f521ff-9f\">la d\u00e9coration de vitrine pour les professionnels est le premier support de communication car visible 24h\/24 , 7j\/7. <\/h2>\n\n\n<style>.wp-block-kadence-advancedgallery .kb-gallery-type-masonry.kb-gallery-id-1073_dbe85c-f3{margin:-42px;}.kb-gallery-type-masonry.kb-gallery-id-1073_dbe85c-f3 .kadence-blocks-gallery-item{padding:42px;}.kb-gallery-id-1073_dbe85c-f3 .kadence-blocks-gallery-item .kb-gal-image-radius, .kb-gallery-id-1073_dbe85c-f3 .kb-slide-item .kb-gal-image-radius img{border-radius:0px 0px 0px 0px;;}@media all and (max-width: 767px){.wp-block-kadence-advancedgallery.kb-gallery-wrap-id-1073_dbe85c-f3{margin-bottom:var(--global-kb-spacing-lg, 3rem);padding-bottom:var(--global-kb-spacing-xl, 4rem);}.wp-block-kadence-advancedgallery .kb-gallery-type-masonry.kb-gallery-id-1073_dbe85c-f3{margin:-100px;}.kb-gallery-type-masonry.kb-gallery-id-1073_dbe85c-f3 .kadence-blocks-gallery-item{padding:100px;}}<\/style><div class=\"kb-gallery-wrap-id-1073_dbe85c-f3 alignwide alignwide wp-block-kadence-advancedgallery\"><ul class=\"kb-gallery-ul kb-gallery-non-static kb-gallery-type-masonry kb-masonry-init kb-gallery-id-1073_dbe85c-f3 kb-gallery-caption-style-bottom-hover kb-gallery-filter-none\" data-image-filter=\"none\" data-item-selector=\".kadence-blocks-gallery-item\" data-lightbox-caption=\"true\" data-columns-xxl=\"3\" data-columns-xl=\"3\" data-columns-md=\"3\" data-columns-sm=\"2\" data-columns-xs=\"1\" data-columns-ss=\"1\"><li class=\"kadence-blocks-gallery-item\" tabindex=\"0\"><div class=\"kadence-blocks-gallery-item-inner\"><figure class=\"kb-gallery-figure kadence-blocks-gallery-item-hide-caption\"><div class=\"kb-gal-image-radius\" style=\"max-width:300px;\"><div class=\"kb-gallery-image-contain kadence-blocks-gallery-intrinsic\" style=\"padding-bottom:66%;\"><img loading=\"lazy\" decoding=\"async\" src=\"https:\/\/celineantoine.art\/wp-content\/uploads\/2024\/07\/20221129_112628-300x200.jpg\" width=\"300\" height=\"200\" alt=\"20221129 112628\" data-full-image=\"https:\/\/celineantoine.art\/wp-content\/uploads\/2024\/07\/20221129_112628.jpg\" data-light-image=\"https:\/\/celineantoine.art\/wp-content\/uploads\/2024\/07\/20221129_112628.jpg\" data-id=\"1076\" class=\"wp-image-1076\" srcset=\"https:\/\/celineantoine.art\/wp-content\/uploads\/2024\/07\/20221129_112628-300x200.jpg 300w, https:\/\/celineantoine.art\/wp-content\/uploads\/2024\/07\/20221129_112628-1024x682.jpg 1024w, https:\/\/celineantoine.art\/wp-content\/uploads\/2024\/07\/20221129_112628-768x511.jpg 768w, https:\/\/celineantoine.art\/wp-content\/uploads\/2024\/07\/20221129_112628-18x12.jpg 18w, https:\/\/celineantoine.art\/wp-content\/uploads\/2024\/07\/20221129_112628.jpg 1250w\" sizes=\"auto, (max-width: 300px) 100vw, 300px\" \/><\/div><\/div><\/figure><\/div><\/li><li class=\"kadence-blocks-gallery-item\" tabindex=\"0\"><div class=\"kadence-blocks-gallery-item-inner\"><figure class=\"kb-gallery-figure kadence-blocks-gallery-item-hide-caption\"><div class=\"kb-gal-image-radius\"><div class=\"kb-gallery-image-contain\" ><img loading=\"lazy\" decoding=\"async\" width=\"1531\" height=\"1564\" src=\"https:\/\/celineantoine.art\/wp-content\/uploads\/2024\/07\/20221206_112655.jpg\"   alt=\"20221206 112655\" data-full-image=\"https:\/\/celineantoine.art\/wp-content\/uploads\/2024\/07\/20221206_112655.jpg\" data-light-image=\"https:\/\/celineantoine.art\/wp-content\/uploads\/2024\/07\/20221206_112655.jpg\" data-id=\"1077\" class=\"wp-image-1077\" srcset=\"https:\/\/celineantoine.art\/wp-content\/uploads\/2024\/07\/20221206_112655.jpg 1531w, https:\/\/celineantoine.art\/wp-content\/uploads\/2024\/07\/20221206_112655-294x300.jpg 294w, https:\/\/celineantoine.art\/wp-content\/uploads\/2024\/07\/20221206_112655-1002x1024.jpg 1002w, https:\/\/celineantoine.art\/wp-content\/uploads\/2024\/07\/20221206_112655-768x785.jpg 768w, https:\/\/celineantoine.art\/wp-content\/uploads\/2024\/07\/20221206_112655-1504x1536.jpg 1504w, https:\/\/celineantoine.art\/wp-content\/uploads\/2024\/07\/20221206_112655-12x12.jpg 12w\" sizes=\"auto, (max-width: 1531px) 100vw, 1531px\" \/><\/div><\/div><\/figure><\/div><\/li><li class=\"kadence-blocks-gallery-item\" tabindex=\"0\"><div class=\"kadence-blocks-gallery-item-inner\"><figure class=\"kb-gallery-figure kadence-blocks-gallery-item-hide-caption\"><div class=\"kb-gal-image-radius\"><div class=\"kb-gallery-image-contain\" ><img loading=\"lazy\" decoding=\"async\" width=\"1920\" height=\"2560\" src=\"https:\/\/celineantoine.art\/wp-content\/uploads\/2024\/07\/20221206_112710-scaled.jpg\"   alt=\"20221206 112710\" data-full-image=\"https:\/\/celineantoine.art\/wp-content\/uploads\/2024\/07\/20221206_112710-scaled.jpg\" data-light-image=\"https:\/\/celineantoine.art\/wp-content\/uploads\/2024\/07\/20221206_112710-scaled.jpg\" data-id=\"1078\" class=\"wp-image-1078\" srcset=\"https:\/\/celineantoine.art\/wp-content\/uploads\/2024\/07\/20221206_112710-scaled.jpg 1920w, https:\/\/celineantoine.art\/wp-content\/uploads\/2024\/07\/20221206_112710-225x300.jpg 225w, https:\/\/celineantoine.art\/wp-content\/uploads\/2024\/07\/20221206_112710-768x1024.jpg 768w, https:\/\/celineantoine.art\/wp-content\/uploads\/2024\/07\/20221206_112710-1152x1536.jpg 1152w, https:\/\/celineantoine.art\/wp-content\/uploads\/2024\/07\/20221206_112710-1536x2048.jpg 1536w, https:\/\/celineantoine.art\/wp-content\/uploads\/2024\/07\/20221206_112710-9x12.jpg 9w\" sizes=\"auto, (max-width: 1920px) 100vw, 1920px\" \/><\/div><\/div><\/figure><\/div><\/li><li class=\"kadence-blocks-gallery-item\" tabindex=\"0\"><div class=\"kadence-blocks-gallery-item-inner\"><figure class=\"kb-gallery-figure kadence-blocks-gallery-item-hide-caption\"><div class=\"kb-gal-image-radius\"><div class=\"kb-gallery-image-contain\" ><img loading=\"lazy\" decoding=\"async\" width=\"1374\" height=\"2560\" src=\"https:\/\/celineantoine.art\/wp-content\/uploads\/2024\/07\/20221125_121613-scaled.jpg\"   alt=\"20221125 121613\" data-full-image=\"https:\/\/celineantoine.art\/wp-content\/uploads\/2024\/07\/20221125_121613-scaled.jpg\" data-light-image=\"https:\/\/celineantoine.art\/wp-content\/uploads\/2024\/07\/20221125_121613-scaled.jpg\" data-id=\"1079\" class=\"wp-image-1079\" srcset=\"https:\/\/celineantoine.art\/wp-content\/uploads\/2024\/07\/20221125_121613-scaled.jpg 1374w, https:\/\/celineantoine.art\/wp-content\/uploads\/2024\/07\/20221125_121613-161x300.jpg 161w, https:\/\/celineantoine.art\/wp-content\/uploads\/2024\/07\/20221125_121613-549x1024.jpg 549w, https:\/\/celineantoine.art\/wp-content\/uploads\/2024\/07\/20221125_121613-768x1431.jpg 768w, https:\/\/celineantoine.art\/wp-content\/uploads\/2024\/07\/20221125_121613-824x1536.jpg 824w, https:\/\/celineantoine.art\/wp-content\/uploads\/2024\/07\/20221125_121613-1099x2048.jpg 1099w, https:\/\/celineantoine.art\/wp-content\/uploads\/2024\/07\/20221125_121613-6x12.jpg 6w\" sizes=\"auto, (max-width: 1374px) 100vw, 1374px\" \/><\/div><\/div><\/figure><\/div><\/li><li class=\"kadence-blocks-gallery-item\" tabindex=\"0\"><div class=\"kadence-blocks-gallery-item-inner\"><figure class=\"kb-gallery-figure kadence-blocks-gallery-item-hide-caption\"><div class=\"kb-gal-image-radius\"><div class=\"kb-gallery-image-contain\" ><img loading=\"lazy\" decoding=\"async\" width=\"1080\" height=\"1581\" src=\"https:\/\/celineantoine.art\/wp-content\/uploads\/2024\/07\/FB_IMG_1661370167069.jpg\"   alt=\"Fb Img 1661370167069\" data-full-image=\"https:\/\/celineantoine.art\/wp-content\/uploads\/2024\/07\/FB_IMG_1661370167069.jpg\" data-light-image=\"https:\/\/celineantoine.art\/wp-content\/uploads\/2024\/07\/FB_IMG_1661370167069.jpg\" data-id=\"1112\" class=\"wp-image-1112\" srcset=\"https:\/\/celineantoine.art\/wp-content\/uploads\/2024\/07\/FB_IMG_1661370167069.jpg 1080w, https:\/\/celineantoine.art\/wp-content\/uploads\/2024\/07\/FB_IMG_1661370167069-205x300.jpg 205w, https:\/\/celineantoine.art\/wp-content\/uploads\/2024\/07\/FB_IMG_1661370167069-700x1024.jpg 700w, https:\/\/celineantoine.art\/wp-content\/uploads\/2024\/07\/FB_IMG_1661370167069-768x1124.jpg 768w, https:\/\/celineantoine.art\/wp-content\/uploads\/2024\/07\/FB_IMG_1661370167069-1049x1536.jpg 1049w, https:\/\/celineantoine.art\/wp-content\/uploads\/2024\/07\/FB_IMG_1661370167069-8x12.jpg 8w\" sizes=\"auto, (max-width: 1080px) 100vw, 1080px\" \/><\/div><\/div><\/figure><\/div><\/li><li class=\"kadence-blocks-gallery-item\" tabindex=\"0\"><div class=\"kadence-blocks-gallery-item-inner\"><figure class=\"kb-gallery-figure kadence-blocks-gallery-item-hide-caption\"><div class=\"kb-gal-image-radius\"><div class=\"kb-gallery-image-contain\" ><img loading=\"lazy\" decoding=\"async\" width=\"528\" height=\"960\" src=\"https:\/\/celineantoine.art\/wp-content\/uploads\/2024\/07\/FB_IMG_1661369707097.jpg\"   alt=\"Fb Img 1661369707097\" data-full-image=\"https:\/\/celineantoine.art\/wp-content\/uploads\/2024\/07\/FB_IMG_1661369707097.jpg\" data-light-image=\"https:\/\/celineantoine.art\/wp-content\/uploads\/2024\/07\/FB_IMG_1661369707097.jpg\" data-id=\"1111\" class=\"wp-image-1111\" srcset=\"https:\/\/celineantoine.art\/wp-content\/uploads\/2024\/07\/FB_IMG_1661369707097.jpg 528w, https:\/\/celineantoine.art\/wp-content\/uploads\/2024\/07\/FB_IMG_1661369707097-165x300.jpg 165w, https:\/\/celineantoine.art\/wp-content\/uploads\/2024\/07\/FB_IMG_1661369707097-7x12.jpg 7w\" sizes=\"auto, (max-width: 528px) 100vw, 528px\" \/><\/div><\/div><\/figure><\/div><\/li><li class=\"kadence-blocks-gallery-item\" tabindex=\"0\"><div class=\"kadence-blocks-gallery-item-inner\"><figure class=\"kb-gallery-figure kadence-blocks-gallery-item-hide-caption\"><div class=\"kb-gal-image-radius\"><div class=\"kb-gallery-image-contain\" ><img loading=\"lazy\" decoding=\"async\" width=\"960\" height=\"540\" src=\"https:\/\/celineantoine.art\/wp-content\/uploads\/2024\/07\/FB_IMG_1661369703539.jpg\"   alt=\"Fb Img 1661369703539\" data-full-image=\"https:\/\/celineantoine.art\/wp-content\/uploads\/2024\/07\/FB_IMG_1661369703539.jpg\" data-light-image=\"https:\/\/celineantoine.art\/wp-content\/uploads\/2024\/07\/FB_IMG_1661369703539.jpg\" data-id=\"1110\" class=\"wp-image-1110\" srcset=\"https:\/\/celineantoine.art\/wp-content\/uploads\/2024\/07\/FB_IMG_1661369703539.jpg 960w, https:\/\/celineantoine.art\/wp-content\/uploads\/2024\/07\/FB_IMG_1661369703539-300x169.jpg 300w, https:\/\/celineantoine.art\/wp-content\/uploads\/2024\/07\/FB_IMG_1661369703539-768x432.jpg 768w, https:\/\/celineantoine.art\/wp-content\/uploads\/2024\/07\/FB_IMG_1661369703539-18x10.jpg 18w\" sizes=\"auto, (max-width: 960px) 100vw, 960px\" \/><\/div><\/div><\/figure><\/div><\/li><li class=\"kadence-blocks-gallery-item\" tabindex=\"0\"><div class=\"kadence-blocks-gallery-item-inner\"><figure class=\"kb-gallery-figure kadence-blocks-gallery-item-hide-caption\"><div class=\"kb-gal-image-radius\"><div class=\"kb-gallery-image-contain\" ><img loading=\"lazy\" decoding=\"async\" width=\"1080\" height=\"495\" src=\"https:\/\/celineantoine.art\/wp-content\/uploads\/2024\/07\/FB_IMG_1661369694127.jpg\"   alt=\"Fb Img 1661369694127\" data-full-image=\"https:\/\/celineantoine.art\/wp-content\/uploads\/2024\/07\/FB_IMG_1661369694127.jpg\" data-light-image=\"https:\/\/celineantoine.art\/wp-content\/uploads\/2024\/07\/FB_IMG_1661369694127.jpg\" data-id=\"1109\" class=\"wp-image-1109\" srcset=\"https:\/\/celineantoine.art\/wp-content\/uploads\/2024\/07\/FB_IMG_1661369694127.jpg 1080w, https:\/\/celineantoine.art\/wp-content\/uploads\/2024\/07\/FB_IMG_1661369694127-300x138.jpg 300w, https:\/\/celineantoine.art\/wp-content\/uploads\/2024\/07\/FB_IMG_1661369694127-1024x469.jpg 1024w, https:\/\/celineantoine.art\/wp-content\/uploads\/2024\/07\/FB_IMG_1661369694127-768x352.jpg 768w, https:\/\/celineantoine.art\/wp-content\/uploads\/2024\/07\/FB_IMG_1661369694127-18x8.jpg 18w\" sizes=\"auto, (max-width: 1080px) 100vw, 1080px\" \/><\/div><\/div><\/figure><\/div><\/li><li class=\"kadence-blocks-gallery-item\" tabindex=\"0\"><div class=\"kadence-blocks-gallery-item-inner\"><figure class=\"kb-gallery-figure kadence-blocks-gallery-item-hide-caption\"><div class=\"kb-gal-image-radius\"><div class=\"kb-gallery-image-contain\" ><img loading=\"lazy\" decoding=\"async\" width=\"608\" height=\"550\" src=\"https:\/\/celineantoine.art\/wp-content\/uploads\/2024\/07\/FB_IMG_1661369683337.jpg\"   alt=\"Fb Img 1661369683337\" data-full-image=\"https:\/\/celineantoine.art\/wp-content\/uploads\/2024\/07\/FB_IMG_1661369683337.jpg\" data-light-image=\"https:\/\/celineantoine.art\/wp-content\/uploads\/2024\/07\/FB_IMG_1661369683337.jpg\" data-id=\"1108\" class=\"wp-image-1108\" srcset=\"https:\/\/celineantoine.art\/wp-content\/uploads\/2024\/07\/FB_IMG_1661369683337.jpg 608w, https:\/\/celineantoine.art\/wp-content\/uploads\/2024\/07\/FB_IMG_1661369683337-300x271.jpg 300w, https:\/\/celineantoine.art\/wp-content\/uploads\/2024\/07\/FB_IMG_1661369683337-13x12.jpg 13w\" sizes=\"auto, (max-width: 608px) 100vw, 608px\" \/><\/div><\/div><\/figure><\/div><\/li><li class=\"kadence-blocks-gallery-item\" tabindex=\"0\"><div class=\"kadence-blocks-gallery-item-inner\"><figure class=\"kb-gallery-figure kadence-blocks-gallery-item-hide-caption\"><div class=\"kb-gal-image-radius\"><div class=\"kb-gallery-image-contain\" ><img loading=\"lazy\" decoding=\"async\" width=\"1080\" height=\"525\" src=\"https:\/\/celineantoine.art\/wp-content\/uploads\/2024\/07\/FB_IMG_1661369662635.jpg\"   alt=\"Fb Img 1661369662635\" data-full-image=\"https:\/\/celineantoine.art\/wp-content\/uploads\/2024\/07\/FB_IMG_1661369662635.jpg\" data-light-image=\"https:\/\/celineantoine.art\/wp-content\/uploads\/2024\/07\/FB_IMG_1661369662635.jpg\" data-id=\"1107\" class=\"wp-image-1107\" srcset=\"https:\/\/celineantoine.art\/wp-content\/uploads\/2024\/07\/FB_IMG_1661369662635.jpg 1080w, https:\/\/celineantoine.art\/wp-content\/uploads\/2024\/07\/FB_IMG_1661369662635-300x146.jpg 300w, https:\/\/celineantoine.art\/wp-content\/uploads\/2024\/07\/FB_IMG_1661369662635-1024x498.jpg 1024w, https:\/\/celineantoine.art\/wp-content\/uploads\/2024\/07\/FB_IMG_1661369662635-768x373.jpg 768w, https:\/\/celineantoine.art\/wp-content\/uploads\/2024\/07\/FB_IMG_1661369662635-18x9.jpg 18w\" sizes=\"auto, (max-width: 1080px) 100vw, 1080px\" \/><\/div><\/div><\/figure><\/div><\/li><li class=\"kadence-blocks-gallery-item\" tabindex=\"0\"><div class=\"kadence-blocks-gallery-item-inner\"><figure class=\"kb-gallery-figure kadence-blocks-gallery-item-hide-caption\"><div class=\"kb-gal-image-radius\"><div class=\"kb-gallery-image-contain\" ><img loading=\"lazy\" decoding=\"async\" width=\"1080\" height=\"525\" src=\"https:\/\/celineantoine.art\/wp-content\/uploads\/2024\/07\/FB_IMG_1661369645968.jpg\"   alt=\"Fb Img 1661369645968\" data-full-image=\"https:\/\/celineantoine.art\/wp-content\/uploads\/2024\/07\/FB_IMG_1661369645968.jpg\" data-light-image=\"https:\/\/celineantoine.art\/wp-content\/uploads\/2024\/07\/FB_IMG_1661369645968.jpg\" data-id=\"1106\" class=\"wp-image-1106\" srcset=\"https:\/\/celineantoine.art\/wp-content\/uploads\/2024\/07\/FB_IMG_1661369645968.jpg 1080w, https:\/\/celineantoine.art\/wp-content\/uploads\/2024\/07\/FB_IMG_1661369645968-300x146.jpg 300w, https:\/\/celineantoine.art\/wp-content\/uploads\/2024\/07\/FB_IMG_1661369645968-1024x498.jpg 1024w, https:\/\/celineantoine.art\/wp-content\/uploads\/2024\/07\/FB_IMG_1661369645968-768x373.jpg 768w, https:\/\/celineantoine.art\/wp-content\/uploads\/2024\/07\/FB_IMG_1661369645968-18x9.jpg 18w\" sizes=\"auto, (max-width: 1080px) 100vw, 1080px\" \/><\/div><\/div><\/figure><\/div><\/li><\/ul><\/div>\n\n<style>.wp-block-kadence-advancedheading.kt-adv-heading1073_baf11c-35, .wp-block-kadence-advancedheading.kt-adv-heading1073_baf11c-35[data-kb-block=\"kb-adv-heading1073_baf11c-35\"]{font-style:normal;}.wp-block-kadence-advancedheading.kt-adv-heading1073_baf11c-35 mark.kt-highlight, .wp-block-kadence-advancedheading.kt-adv-heading1073_baf11c-35[data-kb-block=\"kb-adv-heading1073_baf11c-35\"] mark.kt-highlight{font-style:normal;color:#f76a0c;-webkit-box-decoration-break:clone;box-decoration-break:clone;padding-top:0px;padding-right:0px;padding-bottom:0px;padding-left:0px;}.wp-block-kadence-advancedheading.kt-adv-heading1073_baf11c-35 img.kb-inline-image, .wp-block-kadence-advancedheading.kt-adv-heading1073_baf11c-35[data-kb-block=\"kb-adv-heading1073_baf11c-35\"] img.kb-inline-image{width:150px;vertical-align:baseline;}<\/style>\n<h2 class=\"kt-adv-heading1073_baf11c-35 wp-block-kadence-advancedheading\" data-kb-block=\"kb-adv-heading1073_baf11c-35\"><\/h2>","protected":false},"excerpt":{"rendered":"<p>D\u00e9corations sur Vitrines: Des r\u00e9alisations pour attirer tous les regards, peintes \u00e0 la main, vari\u00e9es s&rsquo;adaptant \u00e0 tous types de commerces avec le respect de l&rsquo;agencement des vitrines. R\u00e9alisation en int\u00e9rieur ou ext\u00e9rieur avec une peinture non permanente ayant une r\u00e9sistance plus ou moins importante (selon besoin). la d\u00e9coration de vitrine pour les professionnels est&#8230;<\/p>","protected":false},"author":1,"featured_media":0,"parent":0,"menu_order":0,"comment_status":"closed","ping_status":"closed","template":"","meta":{"_kad_post_transparent":"default","_kad_post_title":"hide","_kad_post_layout":"","_kad_post_sidebar_id":"","_kad_post_content_style":"","_kad_post_vertical_padding":"","_kad_post_feature":"","_kad_post_feature_position":"","_kad_post_header":false,"_kad_post_footer":false,"_kad_post_classname":"","slim_seo":{"title":"Sur vitrines - celineantoine.art","description":"D\u00e9corations sur Vitrines:"},"footnotes":""},"class_list":["post-1073","page","type-page","status-publish","hentry"],"_links":{"self":[{"href":"https:\/\/celineantoine.art\/en\/wp-json\/wp\/v2\/pages\/1073","targetHints":{"allow":["GET"]}}],"collection":[{"href":"https:\/\/celineantoine.art\/en\/wp-json\/wp\/v2\/pages"}],"about":[{"href":"https:\/\/celineantoine.art\/en\/wp-json\/wp\/v2\/types\/page"}],"author":[{"embeddable":true,"href":"https:\/\/celineantoine.art\/en\/wp-json\/wp\/v2\/users\/1"}],"replies":[{"embeddable":true,"href":"https:\/\/celineantoine.art\/en\/wp-json\/wp\/v2\/comments?post=1073"}],"version-history":[{"count":15,"href":"https:\/\/celineantoine.art\/en\/wp-json\/wp\/v2\/pages\/1073\/revisions"}],"predecessor-version":[{"id":1271,"href":"https:\/\/celineantoine.art\/en\/wp-json\/wp\/v2\/pages\/1073\/revisions\/1271"}],"wp:attachment":[{"href":"https:\/\/celineantoine.art\/en\/wp-json\/wp\/v2\/media?parent=1073"}],"curies":[{"name":"wp","href":"https:\/\/api.w.org\/{rel}","templated":true}]}}