{"id":40,"date":"2024-07-04T10:29:55","date_gmt":"2024-07-04T08:29:55","guid":{"rendered":"https:\/\/celineantoine.art\/?page_id=40"},"modified":"2024-10-06T15:35:33","modified_gmt":"2024-10-06T13:35:33","slug":"evenements-2","status":"publish","type":"page","link":"https:\/\/celineantoine.art\/en\/evenements-2\/","title":{"rendered":"Events"},"content":{"rendered":"<style>.kadence-column40_2a1006-85 > .kt-inside-inner-col,.kadence-column40_2a1006-85 > .kt-inside-inner-col:before{border-top-left-radius:0px;border-top-right-radius:0px;border-bottom-right-radius:0px;border-bottom-left-radius:0px;}.kadence-column40_2a1006-85 > .kt-inside-inner-col{column-gap:var(--global-kb-gap-sm, 1rem);}.kadence-column40_2a1006-85 > .kt-inside-inner-col{flex-direction:column;}.kadence-column40_2a1006-85 > .kt-inside-inner-col > .aligncenter{width:100%;}.kadence-column40_2a1006-85 > .kt-inside-inner-col:before{opacity:0.3;}.kadence-column40_2a1006-85{position:relative;}@media all and (max-width: 1024px){.kadence-column40_2a1006-85 > .kt-inside-inner-col{flex-direction:column;justify-content:center;}}@media all and (max-width: 767px){.kadence-column40_2a1006-85 > .kt-inside-inner-col{flex-direction:column;justify-content:center;}}<\/style>\n<div class=\"wp-block-kadence-column kadence-column40_2a1006-85\"><div class=\"kt-inside-inner-col\"><\/div><\/div>\n\n\n\n<p class=\"has-theme-palette-9-color has-text-color has-link-color has-larger-font-size wp-elements-182bbec290fc84e95230feb7276519d3\"><\/p>\n\n\n\n<p><\/p>\n\n\n\n<p><\/p>\n\n\n<style>.wp-block-kadence-advancedheading.kt-adv-heading40_1285fd-ac, .wp-block-kadence-advancedheading.kt-adv-heading40_1285fd-ac[data-kb-block=\"kb-adv-heading40_1285fd-ac\"]{font-style:normal;}.wp-block-kadence-advancedheading.kt-adv-heading40_1285fd-ac mark.kt-highlight, .wp-block-kadence-advancedheading.kt-adv-heading40_1285fd-ac[data-kb-block=\"kb-adv-heading40_1285fd-ac\"] mark.kt-highlight{font-style:normal;color:#f76a0c;-webkit-box-decoration-break:clone;box-decoration-break:clone;padding-top:0px;padding-right:0px;padding-bottom:0px;padding-left:0px;}.wp-block-kadence-advancedheading.kt-adv-heading40_1285fd-ac img.kb-inline-image, .wp-block-kadence-advancedheading.kt-adv-heading40_1285fd-ac[data-kb-block=\"kb-adv-heading40_1285fd-ac\"] img.kb-inline-image{width:150px;vertical-align:baseline;}<\/style>\n<h2 class=\"kt-adv-heading40_1285fd-ac wp-block-kadence-advancedheading has-theme-palette-9-color has-text-color\" data-kb-block=\"kb-adv-heading40_1285fd-ac\">Present and past events<\/h2>\n\n\n<style>.wp-block-kadence-advancedgallery .kb-gallery-type-masonry.kb-gallery-id-40_561072-07{margin:-5px;}.kb-gallery-type-masonry.kb-gallery-id-40_561072-07 .kadence-blocks-gallery-item{padding:5px;}.kb-gallery-id-40_561072-07 .kadence-blocks-gallery-item .kb-gal-image-radius, .kb-gallery-id-40_561072-07 .kb-slide-item .kb-gal-image-radius img{border-radius:0px 0px 0px 0px;;}<\/style><div class=\"kb-gallery-wrap-id-40_561072-07 alignnone wp-block-kadence-advancedgallery\"><ul class=\"kb-gallery-ul kb-gallery-non-static kb-gallery-type-masonry kb-masonry-init kb-gallery-id-40_561072-07 kb-gallery-caption-style-bottom-hover kb-gallery-filter-none\" data-image-filter=\"none\" data-item-selector=\".kadence-blocks-gallery-item\" data-lightbox-caption=\"true\" data-columns-xxl=\"3\" data-columns-xl=\"3\" data-columns-md=\"3\" data-columns-sm=\"2\" data-columns-xs=\"1\" data-columns-ss=\"1\"><li class=\"kadence-blocks-gallery-item\" tabindex=\"0\"><div class=\"kadence-blocks-gallery-item-inner\"><figure class=\"kb-gallery-figure kadence-blocks-gallery-item-hide-caption\"><div class=\"kb-gal-image-radius\" style=\"max-width:225px;\"><div class=\"kb-gallery-image-contain kadence-blocks-gallery-intrinsic\" style=\"padding-bottom:133%;\"><img loading=\"lazy\" decoding=\"async\" src=\"https:\/\/celineantoine.art\/wp-content\/uploads\/2024\/07\/FB_IMG_1720978530491-225x300.jpg\" width=\"225\" height=\"300\" alt=\"Fb Img 1720978530491\" data-full-image=\"https:\/\/celineantoine.art\/wp-content\/uploads\/2024\/07\/FB_IMG_1720978530491.jpg\" data-light-image=\"https:\/\/celineantoine.art\/wp-content\/uploads\/2024\/07\/FB_IMG_1720978530491.jpg\" data-id=\"949\" class=\"wp-image-949\" srcset=\"https:\/\/celineantoine.art\/wp-content\/uploads\/2024\/07\/FB_IMG_1720978530491-225x300.jpg 225w, https:\/\/celineantoine.art\/wp-content\/uploads\/2024\/07\/FB_IMG_1720978530491-769x1024.jpg 769w, https:\/\/celineantoine.art\/wp-content\/uploads\/2024\/07\/FB_IMG_1720978530491-768x1023.jpg 768w, https:\/\/celineantoine.art\/wp-content\/uploads\/2024\/07\/FB_IMG_1720978530491-9x12.jpg 9w, https:\/\/celineantoine.art\/wp-content\/uploads\/2024\/07\/FB_IMG_1720978530491.jpg 1080w\" sizes=\"auto, (max-width: 225px) 100vw, 225px\" \/><\/div><\/div><\/figure><\/div><\/li><li class=\"kadence-blocks-gallery-item\" tabindex=\"0\"><div class=\"kadence-blocks-gallery-item-inner\"><figure class=\"kb-gallery-figure kadence-blocks-gallery-item-hide-caption\"><div class=\"kb-gal-image-radius\" style=\"max-width:212px;\"><div class=\"kb-gallery-image-contain kadence-blocks-gallery-intrinsic\" style=\"padding-bottom:141%;\"><img loading=\"lazy\" decoding=\"async\" src=\"https:\/\/celineantoine.art\/wp-content\/uploads\/2024\/07\/FB_IMG_1720978763719-212x300.jpg\" width=\"212\" height=\"300\" alt=\"Fb Img 1720978763719\" data-full-image=\"https:\/\/celineantoine.art\/wp-content\/uploads\/2024\/07\/FB_IMG_1720978763719.jpg\" data-light-image=\"https:\/\/celineantoine.art\/wp-content\/uploads\/2024\/07\/FB_IMG_1720978763719.jpg\" data-id=\"954\" class=\"wp-image-954\" srcset=\"https:\/\/celineantoine.art\/wp-content\/uploads\/2024\/07\/FB_IMG_1720978763719-212x300.jpg 212w, https:\/\/celineantoine.art\/wp-content\/uploads\/2024\/07\/FB_IMG_1720978763719-724x1024.jpg 724w, https:\/\/celineantoine.art\/wp-content\/uploads\/2024\/07\/FB_IMG_1720978763719-768x1087.jpg 768w, https:\/\/celineantoine.art\/wp-content\/uploads\/2024\/07\/FB_IMG_1720978763719-8x12.jpg 8w, https:\/\/celineantoine.art\/wp-content\/uploads\/2024\/07\/FB_IMG_1720978763719.jpg 1080w\" sizes=\"auto, (max-width: 212px) 100vw, 212px\" \/><\/div><\/div><\/figure><\/div><\/li><li class=\"kadence-blocks-gallery-item\" tabindex=\"0\"><div class=\"kadence-blocks-gallery-item-inner\"><figure class=\"kb-gallery-figure kadence-blocks-gallery-item-hide-caption\"><div class=\"kb-gal-image-radius\" style=\"max-width:227px;\"><div class=\"kb-gallery-image-contain kadence-blocks-gallery-intrinsic\" style=\"padding-bottom:132%;\"><img loading=\"lazy\" decoding=\"async\" src=\"https:\/\/celineantoine.art\/wp-content\/uploads\/2024\/07\/vignette-expo-bouilly-600x600-1-e1720973914160-227x300.jpg\" width=\"227\" height=\"300\" alt=\"Vignette Expo Bouilly 600x600\" data-full-image=\"https:\/\/celineantoine.art\/wp-content\/uploads\/2024\/07\/vignette-expo-bouilly-600x600-1-e1720973914160.jpg\" data-light-image=\"https:\/\/celineantoine.art\/wp-content\/uploads\/2024\/07\/vignette-expo-bouilly-600x600-1-e1720973914160.jpg\" data-id=\"786\" class=\"wp-image-786\" srcset=\"https:\/\/celineantoine.art\/wp-content\/uploads\/2024\/07\/vignette-expo-bouilly-600x600-1-e1720973914160-227x300.jpg 227w, https:\/\/celineantoine.art\/wp-content\/uploads\/2024\/07\/vignette-expo-bouilly-600x600-1-e1720973914160-9x12.jpg 9w, https:\/\/celineantoine.art\/wp-content\/uploads\/2024\/07\/vignette-expo-bouilly-600x600-1-e1720973914160.jpg 427w\" sizes=\"auto, (max-width: 227px) 100vw, 227px\" \/><\/div><\/div><\/figure><\/div><\/li><li class=\"kadence-blocks-gallery-item\" tabindex=\"0\"><div class=\"kadence-blocks-gallery-item-inner\"><figure class=\"kb-gallery-figure kadence-blocks-gallery-item-hide-caption\"><div class=\"kb-gal-image-radius\" style=\"max-width:212px;\"><div class=\"kb-gallery-image-contain kadence-blocks-gallery-intrinsic\" style=\"padding-bottom:141%;\"><img loading=\"lazy\" decoding=\"async\" src=\"https:\/\/celineantoine.art\/wp-content\/uploads\/2024\/07\/FB_IMG_1720978592861-212x300.jpg\" width=\"212\" height=\"300\" alt=\"Fb Img 1720978592861\" data-full-image=\"https:\/\/celineantoine.art\/wp-content\/uploads\/2024\/07\/FB_IMG_1720978592861.jpg\" data-light-image=\"https:\/\/celineantoine.art\/wp-content\/uploads\/2024\/07\/FB_IMG_1720978592861.jpg\" data-id=\"950\" class=\"wp-image-950\" srcset=\"https:\/\/celineantoine.art\/wp-content\/uploads\/2024\/07\/FB_IMG_1720978592861-212x300.jpg 212w, https:\/\/celineantoine.art\/wp-content\/uploads\/2024\/07\/FB_IMG_1720978592861-724x1024.jpg 724w, https:\/\/celineantoine.art\/wp-content\/uploads\/2024\/07\/FB_IMG_1720978592861-768x1086.jpg 768w, https:\/\/celineantoine.art\/wp-content\/uploads\/2024\/07\/FB_IMG_1720978592861-8x12.jpg 8w, https:\/\/celineantoine.art\/wp-content\/uploads\/2024\/07\/FB_IMG_1720978592861.jpg 1080w\" sizes=\"auto, (max-width: 212px) 100vw, 212px\" \/><\/div><\/div><\/figure><\/div><\/li><li class=\"kadence-blocks-gallery-item\" tabindex=\"0\"><div class=\"kadence-blocks-gallery-item-inner\"><figure class=\"kb-gallery-figure kadence-blocks-gallery-item-hide-caption\"><div class=\"kb-gal-image-radius\" style=\"max-width:212px;\"><div class=\"kb-gallery-image-contain kadence-blocks-gallery-intrinsic\" style=\"padding-bottom:141%;\"><img loading=\"lazy\" decoding=\"async\" src=\"https:\/\/celineantoine.art\/wp-content\/uploads\/2024\/07\/FB_IMG_1720978660299-212x300.jpg\" width=\"212\" height=\"300\" alt=\"Fb Img 1720978660299\" data-full-image=\"https:\/\/celineantoine.art\/wp-content\/uploads\/2024\/07\/FB_IMG_1720978660299.jpg\" data-light-image=\"https:\/\/celineantoine.art\/wp-content\/uploads\/2024\/07\/FB_IMG_1720978660299.jpg\" data-id=\"953\" class=\"wp-image-953\" srcset=\"https:\/\/celineantoine.art\/wp-content\/uploads\/2024\/07\/FB_IMG_1720978660299-212x300.jpg 212w, https:\/\/celineantoine.art\/wp-content\/uploads\/2024\/07\/FB_IMG_1720978660299-724x1024.jpg 724w, https:\/\/celineantoine.art\/wp-content\/uploads\/2024\/07\/FB_IMG_1720978660299-768x1087.jpg 768w, https:\/\/celineantoine.art\/wp-content\/uploads\/2024\/07\/FB_IMG_1720978660299-8x12.jpg 8w, https:\/\/celineantoine.art\/wp-content\/uploads\/2024\/07\/FB_IMG_1720978660299.jpg 1080w\" sizes=\"auto, (max-width: 212px) 100vw, 212px\" \/><\/div><\/div><\/figure><\/div><\/li><li class=\"kadence-blocks-gallery-item\" tabindex=\"0\"><div class=\"kadence-blocks-gallery-item-inner\"><figure class=\"kb-gallery-figure kadence-blocks-gallery-item-hide-caption\"><div class=\"kb-gal-image-radius\" style=\"max-width:219px;\"><div class=\"kb-gallery-image-contain kadence-blocks-gallery-intrinsic\" style=\"padding-bottom:136%;\"><img loading=\"lazy\" decoding=\"async\" src=\"https:\/\/celineantoine.art\/wp-content\/uploads\/2024\/07\/FB_IMG_1720978599546-219x300.jpg\" width=\"219\" height=\"300\" alt=\"Fb Img 1720978599546\" data-full-image=\"https:\/\/celineantoine.art\/wp-content\/uploads\/2024\/07\/FB_IMG_1720978599546.jpg\" data-light-image=\"https:\/\/celineantoine.art\/wp-content\/uploads\/2024\/07\/FB_IMG_1720978599546.jpg\" data-id=\"951\" class=\"wp-image-951\" srcset=\"https:\/\/celineantoine.art\/wp-content\/uploads\/2024\/07\/FB_IMG_1720978599546-219x300.jpg 219w, https:\/\/celineantoine.art\/wp-content\/uploads\/2024\/07\/FB_IMG_1720978599546-749x1024.jpg 749w, https:\/\/celineantoine.art\/wp-content\/uploads\/2024\/07\/FB_IMG_1720978599546-768x1050.jpg 768w, https:\/\/celineantoine.art\/wp-content\/uploads\/2024\/07\/FB_IMG_1720978599546-9x12.jpg 9w, https:\/\/celineantoine.art\/wp-content\/uploads\/2024\/07\/FB_IMG_1720978599546.jpg 1080w\" sizes=\"auto, (max-width: 219px) 100vw, 219px\" \/><\/div><\/div><\/figure><\/div><\/li><li class=\"kadence-blocks-gallery-item\" tabindex=\"0\"><div class=\"kadence-blocks-gallery-item-inner\"><figure class=\"kb-gallery-figure kadence-blocks-gallery-item-hide-caption\"><div class=\"kb-gal-image-radius\" style=\"max-width:300px;\"><div class=\"kb-gallery-image-contain kadence-blocks-gallery-intrinsic\" style=\"padding-bottom:71%;\"><img loading=\"lazy\" decoding=\"async\" src=\"https:\/\/celineantoine.art\/wp-content\/uploads\/2024\/07\/20200919_214709-300x215.jpg\" width=\"300\" height=\"215\" alt=\"20200919 214709\" data-full-image=\"https:\/\/celineantoine.art\/wp-content\/uploads\/2024\/07\/20200919_214709.jpg\" data-light-image=\"https:\/\/celineantoine.art\/wp-content\/uploads\/2024\/07\/20200919_214709.jpg\" data-id=\"946\" class=\"wp-image-946\" srcset=\"https:\/\/celineantoine.art\/wp-content\/uploads\/2024\/07\/20200919_214709-300x215.jpg 300w, https:\/\/celineantoine.art\/wp-content\/uploads\/2024\/07\/20200919_214709-1024x735.jpg 1024w, https:\/\/celineantoine.art\/wp-content\/uploads\/2024\/07\/20200919_214709-768x551.jpg 768w, https:\/\/celineantoine.art\/wp-content\/uploads\/2024\/07\/20200919_214709-1536x1103.jpg 1536w, https:\/\/celineantoine.art\/wp-content\/uploads\/2024\/07\/20200919_214709-2048x1470.jpg 2048w, https:\/\/celineantoine.art\/wp-content\/uploads\/2024\/07\/20200919_214709-18x12.jpg 18w\" sizes=\"auto, (max-width: 300px) 100vw, 300px\" \/><\/div><\/div><\/figure><\/div><\/li><\/ul><\/div>\n\n<style>.wp-block-kadence-advancedheading.kt-adv-heading40_e83737-7a, .wp-block-kadence-advancedheading.kt-adv-heading40_e83737-7a[data-kb-block=\"kb-adv-heading40_e83737-7a\"]{font-style:normal;}.wp-block-kadence-advancedheading.kt-adv-heading40_e83737-7a mark.kt-highlight, .wp-block-kadence-advancedheading.kt-adv-heading40_e83737-7a[data-kb-block=\"kb-adv-heading40_e83737-7a\"] mark.kt-highlight{font-style:normal;color:#f76a0c;-webkit-box-decoration-break:clone;box-decoration-break:clone;padding-top:0px;padding-right:0px;padding-bottom:0px;padding-left:0px;}.wp-block-kadence-advancedheading.kt-adv-heading40_e83737-7a img.kb-inline-image, .wp-block-kadence-advancedheading.kt-adv-heading40_e83737-7a[data-kb-block=\"kb-adv-heading40_e83737-7a\"] img.kb-inline-image{width:150px;vertical-align:baseline;}<\/style>\n<h2 class=\"kt-adv-heading40_e83737-7a wp-block-kadence-advancedheading has-theme-palette-9-color has-text-color\" data-kb-block=\"kb-adv-heading40_e83737-7a\">Article<\/h2>\n\n\n<style>.wp-block-kadence-advancedgallery .kb-gallery-type-masonry.kb-gallery-id-40_97ba49-7e{margin:-5px;}.kb-gallery-type-masonry.kb-gallery-id-40_97ba49-7e .kadence-blocks-gallery-item{padding:5px;}.kb-gallery-id-40_97ba49-7e .kadence-blocks-gallery-item .kb-gal-image-radius, .kb-gallery-id-40_97ba49-7e .kb-slide-item .kb-gal-image-radius img{border-radius:0px 0px 0px 0px;;}<\/style><div class=\"kb-gallery-wrap-id-40_97ba49-7e alignnone wp-block-kadence-advancedgallery\"><ul class=\"kb-gallery-ul kb-gallery-non-static kb-gallery-type-masonry kb-masonry-init kb-gallery-id-40_97ba49-7e kb-gallery-caption-style-bottom-hover kb-gallery-filter-none\" data-image-filter=\"none\" data-item-selector=\".kadence-blocks-gallery-item\" data-lightbox-caption=\"true\" data-columns-xxl=\"3\" data-columns-xl=\"3\" data-columns-md=\"3\" data-columns-sm=\"2\" data-columns-xs=\"1\" data-columns-ss=\"1\"><li class=\"kadence-blocks-gallery-item\" tabindex=\"0\"><div class=\"kadence-blocks-gallery-item-inner\"><figure class=\"kb-gallery-figure kadence-blocks-gallery-item-hide-caption\"><div class=\"kb-gal-image-radius\" style=\"max-width:300px;\"><div class=\"kb-gallery-image-contain kadence-blocks-gallery-intrinsic\" style=\"padding-bottom:76%;\"><img loading=\"lazy\" decoding=\"async\" src=\"https:\/\/celineantoine.art\/wp-content\/uploads\/2024\/07\/Screenshot_20220829-192155_Facebook-300x230.jpg\" width=\"300\" height=\"230\" alt=\"Screenshot 20220829 192155 Facebook\" data-full-image=\"https:\/\/celineantoine.art\/wp-content\/uploads\/2024\/07\/Screenshot_20220829-192155_Facebook.jpg\" data-light-image=\"https:\/\/celineantoine.art\/wp-content\/uploads\/2024\/07\/Screenshot_20220829-192155_Facebook.jpg\" data-id=\"957\" class=\"wp-image-957\" srcset=\"https:\/\/celineantoine.art\/wp-content\/uploads\/2024\/07\/Screenshot_20220829-192155_Facebook-300x230.jpg 300w, https:\/\/celineantoine.art\/wp-content\/uploads\/2024\/07\/Screenshot_20220829-192155_Facebook-1024x784.jpg 1024w, https:\/\/celineantoine.art\/wp-content\/uploads\/2024\/07\/Screenshot_20220829-192155_Facebook-768x588.jpg 768w, https:\/\/celineantoine.art\/wp-content\/uploads\/2024\/07\/Screenshot_20220829-192155_Facebook-16x12.jpg 16w, https:\/\/celineantoine.art\/wp-content\/uploads\/2024\/07\/Screenshot_20220829-192155_Facebook.jpg 1078w\" sizes=\"auto, (max-width: 300px) 100vw, 300px\" \/><\/div><\/div><\/figure><\/div><\/li><li class=\"kadence-blocks-gallery-item\" tabindex=\"0\"><div class=\"kadence-blocks-gallery-item-inner\"><figure class=\"kb-gallery-figure kadence-blocks-gallery-item-hide-caption\"><div class=\"kb-gal-image-radius\" style=\"max-width:267px;\"><div class=\"kb-gallery-image-contain kadence-blocks-gallery-intrinsic\" style=\"padding-bottom:112%;\"><img loading=\"lazy\" decoding=\"async\" src=\"https:\/\/celineantoine.art\/wp-content\/uploads\/2024\/07\/received_611405116395698-267x300.jpeg\" width=\"267\" height=\"300\" alt=\"Received 611405116395698\" data-full-image=\"https:\/\/celineantoine.art\/wp-content\/uploads\/2024\/07\/received_611405116395698-scaled.jpeg\" data-light-image=\"https:\/\/celineantoine.art\/wp-content\/uploads\/2024\/07\/received_611405116395698-scaled.jpeg\" data-id=\"956\" class=\"wp-image-956\" srcset=\"https:\/\/celineantoine.art\/wp-content\/uploads\/2024\/07\/received_611405116395698-267x300.jpeg 267w, https:\/\/celineantoine.art\/wp-content\/uploads\/2024\/07\/received_611405116395698-911x1024.jpeg 911w, https:\/\/celineantoine.art\/wp-content\/uploads\/2024\/07\/received_611405116395698-768x863.jpeg 768w, https:\/\/celineantoine.art\/wp-content\/uploads\/2024\/07\/received_611405116395698-1367x1536.jpeg 1367w, https:\/\/celineantoine.art\/wp-content\/uploads\/2024\/07\/received_611405116395698-1822x2048.jpeg 1822w, https:\/\/celineantoine.art\/wp-content\/uploads\/2024\/07\/received_611405116395698-11x12.jpeg 11w\" sizes=\"auto, (max-width: 267px) 100vw, 267px\" \/><\/div><\/div><\/figure><\/div><\/li><li class=\"kadence-blocks-gallery-item\" tabindex=\"0\"><div class=\"kadence-blocks-gallery-item-inner\"><figure class=\"kb-gallery-figure kadence-blocks-gallery-item-hide-caption\"><div class=\"kb-gal-image-radius\" style=\"max-width:225px;\"><div class=\"kb-gallery-image-contain kadence-blocks-gallery-intrinsic\" style=\"padding-bottom:133%;\"><img loading=\"lazy\" decoding=\"async\" src=\"https:\/\/celineantoine.art\/wp-content\/uploads\/2024\/07\/image000000123-225x300.jpg\" width=\"225\" height=\"300\" alt=\"Image0000001(23)\" data-full-image=\"https:\/\/celineantoine.art\/wp-content\/uploads\/2024\/07\/image000000123.jpg\" data-light-image=\"https:\/\/celineantoine.art\/wp-content\/uploads\/2024\/07\/image000000123.jpg\" data-id=\"955\" class=\"wp-image-955\" srcset=\"https:\/\/celineantoine.art\/wp-content\/uploads\/2024\/07\/image000000123-225x300.jpg 225w, https:\/\/celineantoine.art\/wp-content\/uploads\/2024\/07\/image000000123-768x1024.jpg 768w, https:\/\/celineantoine.art\/wp-content\/uploads\/2024\/07\/image000000123-9x12.jpg 9w, https:\/\/celineantoine.art\/wp-content\/uploads\/2024\/07\/image000000123.jpg 810w\" sizes=\"auto, (max-width: 225px) 100vw, 225px\" \/><\/div><\/div><\/figure><\/div><\/li><li class=\"kadence-blocks-gallery-item\" tabindex=\"0\"><div class=\"kadence-blocks-gallery-item-inner\"><figure class=\"kb-gallery-figure kadence-blocks-gallery-item-hide-caption\"><div class=\"kb-gal-image-radius\" style=\"max-width:300px;\"><div class=\"kb-gallery-image-contain kadence-blocks-gallery-intrinsic\" style=\"padding-bottom:100%;\"><img loading=\"lazy\" decoding=\"async\" src=\"https:\/\/celineantoine.art\/wp-content\/uploads\/2024\/07\/FB_IMG_1720978654211-300x300.jpg\" width=\"300\" height=\"300\" alt=\"Fb Img 1720978654211\" data-full-image=\"https:\/\/celineantoine.art\/wp-content\/uploads\/2024\/07\/FB_IMG_1720978654211.jpg\" data-light-image=\"https:\/\/celineantoine.art\/wp-content\/uploads\/2024\/07\/FB_IMG_1720978654211.jpg\" data-id=\"952\" class=\"wp-image-952\" srcset=\"https:\/\/celineantoine.art\/wp-content\/uploads\/2024\/07\/FB_IMG_1720978654211-300x300.jpg 300w, https:\/\/celineantoine.art\/wp-content\/uploads\/2024\/07\/FB_IMG_1720978654211-1024x1024.jpg 1024w, https:\/\/celineantoine.art\/wp-content\/uploads\/2024\/07\/FB_IMG_1720978654211-150x150.jpg 150w, https:\/\/celineantoine.art\/wp-content\/uploads\/2024\/07\/FB_IMG_1720978654211-768x768.jpg 768w, https:\/\/celineantoine.art\/wp-content\/uploads\/2024\/07\/FB_IMG_1720978654211-12x12.jpg 12w, https:\/\/celineantoine.art\/wp-content\/uploads\/2024\/07\/FB_IMG_1720978654211.jpg 1080w\" sizes=\"auto, (max-width: 300px) 100vw, 300px\" \/><\/div><\/div><\/figure><\/div><\/li><li class=\"kadence-blocks-gallery-item\" tabindex=\"0\"><div class=\"kadence-blocks-gallery-item-inner\"><figure class=\"kb-gallery-figure kadence-blocks-gallery-item-hide-caption\"><div class=\"kb-gal-image-radius\" style=\"max-width:195px;\"><div class=\"kb-gallery-image-contain kadence-blocks-gallery-intrinsic\" style=\"padding-bottom:153%;\"><img loading=\"lazy\" decoding=\"async\" src=\"https:\/\/celineantoine.art\/wp-content\/uploads\/2024\/10\/20240816_175100-195x300.jpg\" width=\"195\" height=\"300\" alt=\"20240816 175100\" data-full-image=\"https:\/\/celineantoine.art\/wp-content\/uploads\/2024\/10\/20240816_175100-scaled.jpg\" data-light-image=\"https:\/\/celineantoine.art\/wp-content\/uploads\/2024\/10\/20240816_175100-scaled.jpg\" data-id=\"1276\" class=\"wp-image-1276\" srcset=\"https:\/\/celineantoine.art\/wp-content\/uploads\/2024\/10\/20240816_175100-195x300.jpg 195w, https:\/\/celineantoine.art\/wp-content\/uploads\/2024\/10\/20240816_175100-664x1024.jpg 664w, https:\/\/celineantoine.art\/wp-content\/uploads\/2024\/10\/20240816_175100-768x1184.jpg 768w, https:\/\/celineantoine.art\/wp-content\/uploads\/2024\/10\/20240816_175100-996x1536.jpg 996w, https:\/\/celineantoine.art\/wp-content\/uploads\/2024\/10\/20240816_175100-1328x2048.jpg 1328w, https:\/\/celineantoine.art\/wp-content\/uploads\/2024\/10\/20240816_175100-8x12.jpg 8w, https:\/\/celineantoine.art\/wp-content\/uploads\/2024\/10\/20240816_175100-scaled.jpg 1660w\" sizes=\"auto, (max-width: 195px) 100vw, 195px\" \/><\/div><\/div><\/figure><\/div><\/li><\/ul><\/div>\n\n<style>.kb-image40_59afa0-ca .kb-image-has-overlay:after{opacity:0.3;}@media all and (max-width: 767px){.wp-block-kadence-image.kb-image40_59afa0-ca:not(.kb-specificity-added):not(.kb-extra-specificity-added){margin-top:var(--global-kb-spacing-sm, 1.5rem);}}<\/style>\n<figure class=\"wp-block-kadence-image kb-image40_59afa0-ca size-1536x1536\"><img loading=\"lazy\" decoding=\"async\" width=\"303\" height=\"1536\" src=\"https:\/\/celineantoine.art\/wp-content\/uploads\/2024\/07\/Screenshot_20240714_202421_Chrome-1-303x1536.jpg\" alt=\"Screenshot 20240714 202421 Chrome (1)\" class=\"kb-img wp-image-991\" srcset=\"https:\/\/celineantoine.art\/wp-content\/uploads\/2024\/07\/Screenshot_20240714_202421_Chrome-1-303x1536.jpg 303w, https:\/\/celineantoine.art\/wp-content\/uploads\/2024\/07\/Screenshot_20240714_202421_Chrome-1-59x300.jpg 59w, https:\/\/celineantoine.art\/wp-content\/uploads\/2024\/07\/Screenshot_20240714_202421_Chrome-1-202x1024.jpg 202w\" sizes=\"auto, (max-width: 303px) 100vw, 303px\" \/><\/figure>","protected":false},"excerpt":{"rendered":"<p>Ev\u00e8nements pr\u00e9sents et pass\u00e9s Articles<\/p>","protected":false},"author":1,"featured_media":0,"parent":0,"menu_order":0,"comment_status":"closed","ping_status":"closed","template":"","meta":{"_kad_post_transparent":"","_kad_post_title":"hide","_kad_post_layout":"","_kad_post_sidebar_id":"","_kad_post_content_style":"","_kad_post_vertical_padding":"","_kad_post_feature":"","_kad_post_feature_position":"","_kad_post_header":false,"_kad_post_footer":false,"_kad_post_classname":"","slim_seo":{"title":"\u00c9v\u00e8nements - celineantoine.art","description":""},"footnotes":""},"class_list":["post-40","page","type-page","status-publish","hentry"],"_links":{"self":[{"href":"https:\/\/celineantoine.art\/en\/wp-json\/wp\/v2\/pages\/40","targetHints":{"allow":["GET"]}}],"collection":[{"href":"https:\/\/celineantoine.art\/en\/wp-json\/wp\/v2\/pages"}],"about":[{"href":"https:\/\/celineantoine.art\/en\/wp-json\/wp\/v2\/types\/page"}],"author":[{"embeddable":true,"href":"https:\/\/celineantoine.art\/en\/wp-json\/wp\/v2\/users\/1"}],"replies":[{"embeddable":true,"href":"https:\/\/celineantoine.art\/en\/wp-json\/wp\/v2\/comments?post=40"}],"version-history":[{"count":15,"href":"https:\/\/celineantoine.art\/en\/wp-json\/wp\/v2\/pages\/40\/revisions"}],"predecessor-version":[{"id":1292,"href":"https:\/\/celineantoine.art\/en\/wp-json\/wp\/v2\/pages\/40\/revisions\/1292"}],"wp:attachment":[{"href":"https:\/\/celineantoine.art\/en\/wp-json\/wp\/v2\/media?parent=40"}],"curies":[{"name":"wp","href":"https:\/\/api.w.org\/{rel}","templated":true}]}}