{"id":456,"date":"2024-07-08T10:44:57","date_gmt":"2024-07-08T08:44:57","guid":{"rendered":"https:\/\/celineantoine.art\/?page_id=456"},"modified":"2024-07-15T23:41:22","modified_gmt":"2024-07-15T21:41:22","slug":"mentions-legales","status":"publish","type":"page","link":"https:\/\/celineantoine.art\/en\/mentions-legales\/","title":{"rendered":"legal notice"},"content":{"rendered":"<style>.kb-row-layout-id456_c63bc6-41 > .kt-row-column-wrap{align-content:start;}:where(.kb-row-layout-id456_c63bc6-41 > .kt-row-column-wrap) > .wp-block-kadence-column{justify-content:start;}.kb-row-layout-id456_c63bc6-41 > .kt-row-column-wrap{column-gap:var(--global-kb-gap-md, 2rem);row-gap:var(--global-kb-gap-md, 2rem);max-width:960px;margin-left:auto;margin-right:auto;padding-bottom:var(--global-kb-spacing-xl, 4rem);grid-template-columns:minmax(0, 1fr);}.kb-row-layout-id456_c63bc6-41 > .kt-row-layout-overlay{opacity:0.30;}@media all and (max-width: 1024px){.kb-row-layout-id456_c63bc6-41 > .kt-row-column-wrap{grid-template-columns:minmax(0, 1fr);}}@media all and (max-width: 767px){.kb-row-layout-id456_c63bc6-41 > .kt-row-column-wrap{grid-template-columns:minmax(0, 1fr);}}<\/style><div class=\"kb-row-layout-wrap kb-row-layout-id456_c63bc6-41 alignfull has-theme-palette9-background-color kt-row-has-bg wp-block-kadence-rowlayout\"><div class=\"kt-row-column-wrap kt-has-1-columns kt-row-layout-equal kt-tab-layout-inherit kt-mobile-layout-row kt-row-valign-top\">\n<style>.kadence-column456_d3e582-90 > .kt-inside-inner-col{display:flex;}.kadence-column456_d3e582-90 > .kt-inside-inner-col,.kadence-column456_d3e582-90 > .kt-inside-inner-col:before{border-top-left-radius:0px;border-top-right-radius:0px;border-bottom-right-radius:0px;border-bottom-left-radius:0px;}.kadence-column456_d3e582-90 > .kt-inside-inner-col{column-gap:var(--global-kb-gap-sm, 1rem);}.kadence-column456_d3e582-90 > .kt-inside-inner-col{flex-direction:column;align-items:center;}.kadence-column456_d3e582-90 > .kt-inside-inner-col > .kb-image-is-ratio-size{align-self:stretch;}.kadence-column456_d3e582-90 > .kt-inside-inner-col > .wp-block-kadence-advancedgallery{align-self:stretch;}.kadence-column456_d3e582-90 > .kt-inside-inner-col > .aligncenter{width:100%;}.kadence-column456_d3e582-90 > .kt-inside-inner-col{background-color:rgba(255, 255, 255, 0.2);}.kadence-column456_d3e582-90 > .kt-inside-inner-col:before{opacity:0.3;}.kadence-column456_d3e582-90{position:relative;}@media all and (max-width: 1024px){.kadence-column456_d3e582-90 > .kt-inside-inner-col{flex-direction:column;justify-content:center;align-items:center;}}@media all and (max-width: 767px){.kadence-column456_d3e582-90 > .kt-inside-inner-col{flex-direction:column;justify-content:center;align-items:center;}}<\/style>\n<div class=\"wp-block-kadence-column kadence-column456_d3e582-90 inner-column-1\"><div class=\"kt-inside-inner-col\">\n<p>Mentions L\u00e9gales<\/p>\n\n\n\n<p>**Propri\u00e9taire du site :**<\/p>\n\n\n\n<p>**C\u00e9line Antoine \/ Ambiance Cr\u00e9ative**<br>Adresse : 9, Place Jean de  Mauroy 10000 TROYES (FRANCE)<br>T\u00e9l\u00e9phone : 0629527805<br>Email : contact@celineantoine.art<br>SIRET : 43042640300068<\/p>\n\n\n\n<p>**H\u00e9bergement du site :**<\/p>\n\n\n\n<p>Hostinger<\/p>\n\n\n\n<p>**Responsable de la publication :**<\/p>\n\n\n\n<p>C\u00e9line Antoine<\/p>\n\n\n\n<p>**Propri\u00e9t\u00e9 intellectuelle :**<\/p>\n\n\n\n<p>Le contenu du site celineantoine.art est prot\u00e9g\u00e9 par les lois en vigueur en France en mati\u00e8re de propri\u00e9t\u00e9 intellectuelle et de droit d&rsquo;auteur. Toute reproduction, distribution, modification, adaptation, retransmission ou publication, m\u00eame partielle, de ces diff\u00e9rents \u00e9l\u00e9ments est strictement interdite sans l&rsquo;accord expr\u00e8s par \u00e9crit de C\u00e9line Antoine.<\/p>\n\n\n\n<p>**Protection des donn\u00e9es personnelles :**<\/p>\n\n\n\n<p>Conform\u00e9ment \u00e0 la loi Informatique et Libert\u00e9s du 6 janvier 1978 et au R\u00e8glement G\u00e9n\u00e9ral sur la Protection des Donn\u00e9es (RGPD) du 27 avril 2016, vous disposez d&rsquo;un droit d&rsquo;acc\u00e8s, de rectification, de modification et de suppression des donn\u00e9es personnelles que vous nous avez communiqu\u00e9es. Vous pouvez exercer ce droit en envoyant un courrier \u00e0 l&rsquo;adresse suivante : 9, Place Jean de Mauroy 10000 TROYES ou par email \u00e0 : contact@celineantoine.art.<\/p>\n\n\n\n<p>**Cookies :**<\/p>\n\n\n\n<p>Le site celineantoine.art peut-\u00eatre amen\u00e9 \u00e0 vous demander l\u2019acceptation des cookies pour des besoins de statistiques et d&rsquo;affichage. Un cookie est une information d\u00e9pos\u00e9e sur votre disque dur par le serveur du site que vous visitez. Il contient plusieurs donn\u00e9es qui sont stock\u00e9es sur votre ordinateur dans un simple fichier texte auquel un serveur acc\u00e8de pour lire et enregistrer des informations. Certaines parties de ce site ne peuvent \u00eatre fonctionnelles sans l\u2019acceptation de cookies.<\/p>\n\n\n\n<p>**Liens hypertextes :**<\/p>\n\n\n\n<p>Le site celineantoine.art peut contenir des liens hypertextes vers d\u2019autres sites pr\u00e9sents sur le r\u00e9seau Internet. Les liens vers ces autres ressources vous font quitter le site [nom du site]. Il est possible de cr\u00e9er un lien vers la page de pr\u00e9sentation de ce site sans autorisation expresse de C\u00e9line Antoine. Aucune autorisation ou demande d\u2019information pr\u00e9alable ne peut \u00eatre exig\u00e9e par l\u2019\u00e9diteur \u00e0 l\u2019\u00e9gard d\u2019un site qui souhaite \u00e9tablir un lien vers le site de l\u2019\u00e9diteur. Il convient toutefois d\u2019afficher ce site dans une nouvelle fen\u00eatre du navigateur. Cependant, C\u00e9line Antoine se r\u00e9serve le droit de demander la suppression d\u2019un lien qu\u2019elle estime non conforme \u00e0 l\u2019objet du site [nom du site].<\/p>\n\n\n\n<p>**Responsabilit\u00e9 :**<\/p>\n\n\n\n<p>Les informations propos\u00e9es sur le site celineantoine.art sont fournies \u00e0 titre informatif. C\u00e9line Antoine ne saurait garantir l&rsquo;exactitude, la compl\u00e9tude, l&rsquo;actualit\u00e9 des informations diffus\u00e9es sur le site. Vous reconnaissez utiliser ces informations sous votre responsabilit\u00e9 exclusive. C\u00e9line Antoine ne saurait \u00eatre tenue responsable pour tout dommage r\u00e9sultant de l&rsquo;acc\u00e8s au site et de l&rsquo;utilisation de son contenu.<\/p>\n\n\n\n<p>**Litiges :**<\/p>\n\n\n\n<p>Les pr\u00e9sentes conditions du site celineantoine.art sont r\u00e9gies par les lois fran\u00e7aises et toute contestation ou litiges qui pourraient na\u00eetre de l&rsquo;interpr\u00e9tation ou de l&rsquo;ex\u00e9cution de celles-ci seront de la comp\u00e9tence exclusive des tribunaux dont d\u00e9pend le si\u00e8ge social de C\u00e9line Antoine. La langue de r\u00e9f\u00e9rence, pour le r\u00e8glement de contentieux \u00e9ventuels, est le fran\u00e7ais.<\/p>\n\n\n\n<p>&#8212;<\/p>\n\n\n\n<p><\/p>\n\n\n<style>.wp-block-kadence-advancedheading.kt-adv-heading456_a63451-69, .wp-block-kadence-advancedheading.kt-adv-heading456_a63451-69[data-kb-block=\"kb-adv-heading456_a63451-69\"]{margin-top:0px;margin-bottom:0px;text-align:center;font-size:var(--global-kb-font-size-lg, 2rem);line-height:1.3;font-style:normal;font-family:var( --global-heading-font-family, inherit );}.wp-block-kadence-advancedheading.kt-adv-heading456_a63451-69 mark.kt-highlight, .wp-block-kadence-advancedheading.kt-adv-heading456_a63451-69[data-kb-block=\"kb-adv-heading456_a63451-69\"] mark.kt-highlight{font-style:normal;color:#f76a0c;-webkit-box-decoration-break:clone;box-decoration-break:clone;padding-top:0px;padding-right:0px;padding-bottom:0px;padding-left:0px;}.wp-block-kadence-advancedheading.kt-adv-heading456_a63451-69 img.kb-inline-image, .wp-block-kadence-advancedheading.kt-adv-heading456_a63451-69[data-kb-block=\"kb-adv-heading456_a63451-69\"] img.kb-inline-image{width:150px;vertical-align:baseline;}@media all and (max-width: 1024px){.wp-block-kadence-advancedheading.kt-adv-heading456_a63451-69, .wp-block-kadence-advancedheading.kt-adv-heading456_a63451-69[data-kb-block=\"kb-adv-heading456_a63451-69\"]{font-size:36px;line-height:1.3;}}@media all and (max-width: 767px){.wp-block-kadence-advancedheading.kt-adv-heading456_a63451-69, .wp-block-kadence-advancedheading.kt-adv-heading456_a63451-69[data-kb-block=\"kb-adv-heading456_a63451-69\"]{font-size:28px;line-height:1.3;}}<\/style>\n<p class=\"kt-adv-heading456_a63451-69 wp-block-kadence-advancedheading has-theme-palette-3-color has-text-color\" data-kb-block=\"kb-adv-heading456_a63451-69\">.<\/p>\n<\/div><\/div>\n\n<\/div><\/div>","protected":false},"excerpt":{"rendered":"<p>Mentions L\u00e9gales **Propri\u00e9taire du site :** **C\u00e9line Antoine \/ Ambiance Cr\u00e9ative**Adresse : 9, Place Jean de Mauroy 10000 TROYES (FRANCE)T\u00e9l\u00e9phone : 0629527805Email : contact@celineantoine.artSIRET : 43042640300068 **H\u00e9bergement du site :** Hostinger **Responsable de la publication :** C\u00e9line Antoine **Propri\u00e9t\u00e9 intellectuelle :** Le contenu du site celineantoine.art est prot\u00e9g\u00e9 par les lois en vigueur en France&#8230;<\/p>","protected":false},"author":1,"featured_media":0,"parent":0,"menu_order":0,"comment_status":"closed","ping_status":"closed","template":"","meta":{"_kad_post_transparent":"","_kad_post_title":"","_kad_post_layout":"","_kad_post_sidebar_id":"","_kad_post_content_style":"","_kad_post_vertical_padding":"","_kad_post_feature":"","_kad_post_feature_position":"","_kad_post_header":false,"_kad_post_footer":false,"_kad_post_classname":"","slim_seo":{"title":"Mentions l\u00e9gales - celineantoine.art","description":""},"footnotes":""},"class_list":["post-456","page","type-page","status-publish","hentry"],"_links":{"self":[{"href":"https:\/\/celineantoine.art\/en\/wp-json\/wp\/v2\/pages\/456","targetHints":{"allow":["GET"]}}],"collection":[{"href":"https:\/\/celineantoine.art\/en\/wp-json\/wp\/v2\/pages"}],"about":[{"href":"https:\/\/celineantoine.art\/en\/wp-json\/wp\/v2\/types\/page"}],"author":[{"embeddable":true,"href":"https:\/\/celineantoine.art\/en\/wp-json\/wp\/v2\/users\/1"}],"replies":[{"embeddable":true,"href":"https:\/\/celineantoine.art\/en\/wp-json\/wp\/v2\/comments?post=456"}],"version-history":[{"count":8,"href":"https:\/\/celineantoine.art\/en\/wp-json\/wp\/v2\/pages\/456\/revisions"}],"predecessor-version":[{"id":1157,"href":"https:\/\/celineantoine.art\/en\/wp-json\/wp\/v2\/pages\/456\/revisions\/1157"}],"wp:attachment":[{"href":"https:\/\/celineantoine.art\/en\/wp-json\/wp\/v2\/media?parent=456"}],"curies":[{"name":"wp","href":"https:\/\/api.w.org\/{rel}","templated":true}]}}