{"id":520,"date":"2024-07-09T09:50:34","date_gmt":"2024-07-09T07:50:34","guid":{"rendered":"https:\/\/celineantoine.art\/?page_id=520"},"modified":"2024-07-22T12:48:03","modified_gmt":"2024-07-22T10:48:03","slug":"cgv","status":"publish","type":"page","link":"https:\/\/celineantoine.art\/en\/cgv\/","title":{"rendered":"CGV"},"content":{"rendered":"<style>.kb-row-layout-id520_daaf4c-42 > .kt-row-column-wrap{align-content:start;}:where(.kb-row-layout-id520_daaf4c-42 > .kt-row-column-wrap) > .wp-block-kadence-column{justify-content:start;}.kb-row-layout-id520_daaf4c-42 > .kt-row-column-wrap{column-gap:var(--global-kb-gap-md, 2rem);row-gap:var(--global-kb-gap-md, 2rem);padding-top:var(--global-kb-spacing-md, 2rem);padding-bottom:var(--global-kb-spacing-sm, 1.5rem);grid-template-columns:minmax(0, 1fr);}.kb-row-layout-id520_daaf4c-42 > .kt-row-layout-overlay{opacity:0.30;}@media all and (max-width: 1024px){.kb-row-layout-id520_daaf4c-42 > .kt-row-column-wrap{grid-template-columns:minmax(0, 1fr);}}@media all and (max-width: 767px){.kb-row-layout-id520_daaf4c-42 > .kt-row-column-wrap{grid-template-columns:minmax(0, 1fr);}}<\/style><div class=\"kb-row-layout-wrap kb-row-layout-id520_daaf4c-42 alignnone has-theme-palette9-background-color kt-row-has-bg wp-block-kadence-rowlayout\"><div class=\"kt-row-column-wrap kt-has-1-columns kt-row-layout-equal kt-tab-layout-inherit kt-mobile-layout-row kt-row-valign-top\">\n<style>.kadence-column520_dd4f3b-9b > .kt-inside-inner-col,.kadence-column520_dd4f3b-9b > .kt-inside-inner-col:before{border-top-left-radius:0px;border-top-right-radius:0px;border-bottom-right-radius:0px;border-bottom-left-radius:0px;}.kadence-column520_dd4f3b-9b > .kt-inside-inner-col{column-gap:var(--global-kb-gap-sm, 1rem);}.kadence-column520_dd4f3b-9b > .kt-inside-inner-col{flex-direction:column;}.kadence-column520_dd4f3b-9b > .kt-inside-inner-col > .aligncenter{width:100%;}.kadence-column520_dd4f3b-9b > .kt-inside-inner-col:before{opacity:0.3;}.kadence-column520_dd4f3b-9b{position:relative;}@media all and (max-width: 1024px){.kadence-column520_dd4f3b-9b > .kt-inside-inner-col{flex-direction:column;justify-content:center;}}@media all and (max-width: 767px){.kadence-column520_dd4f3b-9b > .kt-inside-inner-col{flex-direction:column;justify-content:center;}}<\/style>\n<div class=\"wp-block-kadence-column kadence-column520_dd4f3b-9b\"><div class=\"kt-inside-inner-col\">\n<p class=\"has-theme-palette-9-background-color has-background has-small-font-size\">Conditions G\u00e9n\u00e9rales de Vente**<\/p>\n\n\n\n<p class=\"has-text-align-left has-theme-palette-9-background-color has-background has-small-font-size\">**1. Pr\u00e9sentation*: Nom de l\u2019entreprise : EIRL C\u00e9line Antoine\u00a0Si\u00e8ge social : 9, place Jean de Mauroy 10000 TROYES<\/p>\n\n\n\n<p class=\"has-small-font-size\">Num\u00e9ro SIRET : 43042640300068           Contact : 0629527805 &#8211; contact@celineantoine.art<\/p>\n\n\n\n<p class=\"has-small-font-size\">**2. Objet**: Ces CGV r\u00e9gissent les relations entre [Nom de votre EIRL] et ses clients pour la r\u00e9alisation de trompe l&rsquo;\u0153il en d\u00e9coration int\u00e9rieure et ext\u00e9rieure.<\/p>\n\n\n\n<p class=\"has-small-font-size\">**3. Acceptation des CGV**: En commandant nos services, vous acceptez nos CGV sans r\u00e9serve.<\/p>\n\n\n\n<p class=\"has-small-font-size\">**4. Devis et Commandes**: Un devis gratuit est \u00e9tabli pour chaque demande. La commande est valid\u00e9e apr\u00e8s retour du devis sign\u00e9 avec la mention \u00ab\u00a0Bon pour accord\u00a0\u00bb et un acompte de [Pourcentage d&rsquo;acompte, par exemple 30%].<\/p>\n\n\n\n<p class=\"has-small-font-size\">**5. Prix et Paiement** : Les prix sont ceux indiqu\u00e9s sur le devis accept\u00e9. Le solde est d\u00fb \u00e0 la r\u00e9ception des travaux. Paiements accept\u00e9s : Modes de paiement, par exemple virement, ch\u00e8que, esp\u00e8ces.<\/p>\n\n\n\n<p class=\"has-small-font-size\">**6. D\u00e9lais de R\u00e9alisation**: Les d\u00e9lais indiqu\u00e9s sont indicatifs. En cas de retard ind\u00e9pendant de notre volont\u00e9, aucune indemnit\u00e9 ne pourra \u00eatre r\u00e9clam\u00e9e.<\/p>\n\n\n\n<p class=\"has-small-font-size\">**7. R\u00e9ception des Travaux et R\u00e9clamations**: Les travaux sont accept\u00e9s lors de la r\u00e9ception. Toute r\u00e9clamation doit \u00eatre faite par \u00e9crit dans un d\u00e9lai de [D\u00e9lai de r\u00e9clamation, par exemple 7 jours] apr\u00e8s la r\u00e9ception.<\/p>\n\n\n\n<p class=\"has-small-font-size\">**8. Responsabilit\u00e9 et Garantie**: Nos travaux sont garantis [Dur\u00e9e de la garantie, par exemple 1 an] contre les d\u00e9fauts de r\u00e9alisation. Nous ne sommes pas responsables des dommages dus \u00e0 une mauvaise utilisation ou entretien des \u0153uvres.<\/p>\n\n\n\n<p class=\"has-small-font-size\">**9. Propri\u00e9t\u00e9 Intellectuelle**: Nous conservons les droits de propri\u00e9t\u00e9 intellectuelle des \u0153uvres r\u00e9alis\u00e9es. Toute reproduction ou exploitation est interdite sans notre autorisation.<\/p>\n\n\n\n<p class=\"has-small-font-size\">**10. Donn\u00e9es Personnelles**: Vos donn\u00e9es sont utilis\u00e9es uniquement pour la gestion des commandes. Vous avez un droit d&rsquo;acc\u00e8s, de rectification et de suppression de vos donn\u00e9es.<\/p>\n\n\n\n<p class=\"has-small-font-size\">**11. Loi Applicable et Juridiction Comp\u00e9tente**: Ces CGV sont soumises \u00e0 la loi fran\u00e7aise. En cas de litige, les tribunaux de TROYES seront comp\u00e9tents.<\/p>\n<\/div><\/div>\n\n<\/div><\/div>","protected":false},"excerpt":{"rendered":"<p>Conditions G\u00e9n\u00e9rales de Vente** **1. Pr\u00e9sentation*: Nom de l\u2019entreprise : EIRL C\u00e9line Antoine\u00a0Si\u00e8ge social : 9, place Jean de Mauroy 10000 TROYES Num\u00e9ro SIRET : 43042640300068 Contact : 0629527805 &#8211; contact@celineantoine.art **2. Objet**: Ces CGV r\u00e9gissent les relations entre [Nom de votre EIRL] et ses clients pour la r\u00e9alisation de trompe l&rsquo;\u0153il en d\u00e9coration int\u00e9rieure&#8230;<\/p>","protected":false},"author":1,"featured_media":0,"parent":0,"menu_order":0,"comment_status":"closed","ping_status":"closed","template":"","meta":{"_kad_post_transparent":"","_kad_post_title":"default","_kad_post_layout":"","_kad_post_sidebar_id":"","_kad_post_content_style":"unboxed","_kad_post_vertical_padding":"","_kad_post_feature":"","_kad_post_feature_position":"","_kad_post_header":false,"_kad_post_footer":false,"_kad_post_classname":"","slim_seo":{"title":"CGV - celineantoine.art","description":""},"footnotes":""},"class_list":["post-520","page","type-page","status-publish","hentry"],"_links":{"self":[{"href":"https:\/\/celineantoine.art\/en\/wp-json\/wp\/v2\/pages\/520","targetHints":{"allow":["GET"]}}],"collection":[{"href":"https:\/\/celineantoine.art\/en\/wp-json\/wp\/v2\/pages"}],"about":[{"href":"https:\/\/celineantoine.art\/en\/wp-json\/wp\/v2\/types\/page"}],"author":[{"embeddable":true,"href":"https:\/\/celineantoine.art\/en\/wp-json\/wp\/v2\/users\/1"}],"replies":[{"embeddable":true,"href":"https:\/\/celineantoine.art\/en\/wp-json\/wp\/v2\/comments?post=520"}],"version-history":[{"count":8,"href":"https:\/\/celineantoine.art\/en\/wp-json\/wp\/v2\/pages\/520\/revisions"}],"predecessor-version":[{"id":1209,"href":"https:\/\/celineantoine.art\/en\/wp-json\/wp\/v2\/pages\/520\/revisions\/1209"}],"wp:attachment":[{"href":"https:\/\/celineantoine.art\/en\/wp-json\/wp\/v2\/media?parent=520"}],"curies":[{"name":"wp","href":"https:\/\/api.w.org\/{rel}","templated":true}]}}