{"id":60,"date":"2024-07-04T10:46:07","date_gmt":"2024-07-04T08:46:07","guid":{"rendered":"https:\/\/celineantoine.art\/?page_id=60"},"modified":"2024-07-22T20:55:01","modified_gmt":"2024-07-22T18:55:01","slug":"trompe-loeil-en-interieur","status":"publish","type":"page","link":"https:\/\/celineantoine.art\/en\/trompe-loeil-en-interieur\/","title":{"rendered":"Trompe-l&rsquo;\u0153il en Int\u00e9rieur"},"content":{"rendered":"<style>.wp-block-kadence-advancedheading.kt-adv-heading60_814777-b5, .wp-block-kadence-advancedheading.kt-adv-heading60_814777-b5[data-kb-block=\"kb-adv-heading60_814777-b5\"]{font-style:normal;}.wp-block-kadence-advancedheading.kt-adv-heading60_814777-b5 mark.kt-highlight, .wp-block-kadence-advancedheading.kt-adv-heading60_814777-b5[data-kb-block=\"kb-adv-heading60_814777-b5\"] mark.kt-highlight{font-style:normal;color:#f76a0c;-webkit-box-decoration-break:clone;box-decoration-break:clone;padding-top:0px;padding-right:0px;padding-bottom:0px;padding-left:0px;}.wp-block-kadence-advancedheading.kt-adv-heading60_814777-b5 img.kb-inline-image, .wp-block-kadence-advancedheading.kt-adv-heading60_814777-b5[data-kb-block=\"kb-adv-heading60_814777-b5\"] img.kb-inline-image{width:150px;vertical-align:baseline;}<\/style>\n<h2 class=\"kt-adv-heading60_814777-b5 wp-block-kadence-advancedheading\" data-kb-block=\"kb-adv-heading60_814777-b5\"><\/h2>\n\n\n<style>.kb-row-layout-id60_ef1beb-b3 > .kt-row-column-wrap{align-content:start;}:where(.kb-row-layout-id60_ef1beb-b3 > .kt-row-column-wrap) > .wp-block-kadence-column{justify-content:start;}.kb-row-layout-id60_ef1beb-b3 > .kt-row-column-wrap{column-gap:var(--global-kb-gap-md, 2rem);row-gap:var(--global-kb-gap-md, 2rem);padding-top:var(--global-kb-spacing-sm, 1.5rem);padding-bottom:var(--global-kb-spacing-sm, 1.5rem);grid-template-columns:repeat(2, minmax(0, 1fr));}.kb-row-layout-id60_ef1beb-b3 > .kt-row-layout-overlay{opacity:0.30;}@media all and (max-width: 1024px){.kb-row-layout-id60_ef1beb-b3 > .kt-row-column-wrap{grid-template-columns:repeat(2, minmax(0, 1fr));}}@media all and (max-width: 767px){.kb-row-layout-id60_ef1beb-b3 > .kt-row-column-wrap{grid-template-columns:minmax(0, 1fr);}}<\/style><div class=\"kb-row-layout-wrap kb-row-layout-id60_ef1beb-b3 alignnone wp-block-kadence-rowlayout\"><div class=\"kt-row-column-wrap kt-has-2-columns kt-row-layout-equal kt-tab-layout-inherit kt-mobile-layout-row kt-row-valign-top\">\n<style>.kadence-column60_297685-33 > .kt-inside-inner-col,.kadence-column60_297685-33 > .kt-inside-inner-col:before{border-top-left-radius:0px;border-top-right-radius:0px;border-bottom-right-radius:0px;border-bottom-left-radius:0px;}.kadence-column60_297685-33 > .kt-inside-inner-col{column-gap:var(--global-kb-gap-sm, 1rem);}.kadence-column60_297685-33 > .kt-inside-inner-col{flex-direction:column;}.kadence-column60_297685-33 > .kt-inside-inner-col > .aligncenter{width:100%;}.kadence-column60_297685-33 > .kt-inside-inner-col:before{opacity:0.3;}.kadence-column60_297685-33{position:relative;}@media all and (max-width: 1024px){.kadence-column60_297685-33 > .kt-inside-inner-col{flex-direction:column;justify-content:center;}}@media all and (max-width: 767px){.kadence-column60_297685-33 > .kt-inside-inner-col{flex-direction:column;justify-content:center;}}<\/style>\n<div class=\"wp-block-kadence-column kadence-column60_297685-33\"><div class=\"kt-inside-inner-col\"><style>.wp-block-kadence-advancedheading.kt-adv-heading60_11a1d4-2f, .wp-block-kadence-advancedheading.kt-adv-heading60_11a1d4-2f[data-kb-block=\"kb-adv-heading60_11a1d4-2f\"]{font-style:normal;}.wp-block-kadence-advancedheading.kt-adv-heading60_11a1d4-2f mark.kt-highlight, .wp-block-kadence-advancedheading.kt-adv-heading60_11a1d4-2f[data-kb-block=\"kb-adv-heading60_11a1d4-2f\"] mark.kt-highlight{font-style:normal;color:#f76a0c;-webkit-box-decoration-break:clone;box-decoration-break:clone;padding-top:0px;padding-right:0px;padding-bottom:0px;padding-left:0px;}.wp-block-kadence-advancedheading.kt-adv-heading60_11a1d4-2f img.kb-inline-image, .wp-block-kadence-advancedheading.kt-adv-heading60_11a1d4-2f[data-kb-block=\"kb-adv-heading60_11a1d4-2f\"] img.kb-inline-image{width:150px;vertical-align:baseline;}<\/style>\n<h2 class=\"kt-adv-heading60_11a1d4-2f wp-block-kadence-advancedheading has-theme-palette-9-color has-text-color\" data-kb-block=\"kb-adv-heading60_11a1d4-2f\">Trompe-l&rsquo;\u0153il et D\u00e9coration en int\u00e9rieur<\/h2>\n<\/div><\/div>\n\n\n<style>.kadence-column60_e047c5-6e > .kt-inside-inner-col,.kadence-column60_e047c5-6e > .kt-inside-inner-col:before{border-top-left-radius:0px;border-top-right-radius:0px;border-bottom-right-radius:0px;border-bottom-left-radius:0px;}.kadence-column60_e047c5-6e > .kt-inside-inner-col{column-gap:var(--global-kb-gap-sm, 1rem);}.kadence-column60_e047c5-6e > .kt-inside-inner-col{flex-direction:column;}.kadence-column60_e047c5-6e > .kt-inside-inner-col > .aligncenter{width:100%;}.kadence-column60_e047c5-6e > .kt-inside-inner-col:before{opacity:0.3;}.kadence-column60_e047c5-6e{position:relative;}@media all and (max-width: 1024px){.kadence-column60_e047c5-6e > .kt-inside-inner-col{flex-direction:column;justify-content:center;}}@media all and (max-width: 767px){.kadence-column60_e047c5-6e > .kt-inside-inner-col{flex-direction:column;justify-content:center;}}<\/style>\n<div class=\"wp-block-kadence-column kadence-column60_e047c5-6e\"><div class=\"kt-inside-inner-col\"><\/div><\/div>\n\n<\/div><\/div>\n\n<style>.wp-block-kadence-advancedgallery .kb-gallery-type-masonry.kb-gallery-id-60_8cbd31-93{margin:-5px;}.kb-gallery-type-masonry.kb-gallery-id-60_8cbd31-93 .kadence-blocks-gallery-item{padding:5px;}.kb-gallery-id-60_8cbd31-93 .kadence-blocks-gallery-item .kb-gal-image-radius, .kb-gallery-id-60_8cbd31-93 .kb-slide-item .kb-gal-image-radius img{border-radius:0px 0px 0px 0px;;}.kb-gallery-caption-style-bottom.kb-gallery-id-60_8cbd31-93 .kadence-blocks-gallery-item .kadence-blocks-gallery-item-inner .kadence-blocks-gallery-item__caption, .kb-gallery-caption-style-bottom-hover.kb-gallery-id-60_8cbd31-93 .kadence-blocks-gallery-item .kadence-blocks-gallery-item-inner .kadence-blocks-gallery-item__caption{background:linear-gradient(0deg, rgba(0, 0, 0, 0.8) 0, rgba(0, 0, 0, 0) 100%);}<\/style><div class=\"kb-gallery-wrap-id-60_8cbd31-93 alignnone wp-block-kadence-advancedgallery\"><ul class=\"kb-gallery-ul kb-gallery-non-static kb-gallery-type-masonry kb-masonry-init kb-gallery-id-60_8cbd31-93 kb-gallery-caption-style-bottom-hover kb-gallery-filter-none\" data-image-filter=\"none\" data-item-selector=\".kadence-blocks-gallery-item\" data-lightbox-caption=\"true\" data-columns-xxl=\"3\" data-columns-xl=\"3\" data-columns-md=\"3\" data-columns-sm=\"2\" data-columns-xs=\"1\" data-columns-ss=\"1\"><li class=\"kadence-blocks-gallery-item\" tabindex=\"0\"><div class=\"kadence-blocks-gallery-item-inner\"><figure class=\"kb-gallery-figure\"><div class=\"kb-gal-image-radius\" style=\"max-width:183px;\"><div class=\"kb-gallery-image-contain kadence-blocks-gallery-intrinsic\" style=\"padding-bottom:163%;\"><img loading=\"lazy\" decoding=\"async\" src=\"https:\/\/celineantoine.art\/wp-content\/uploads\/2024\/07\/FB_IMG_1661369732667-e1720969972279-183x300.jpg\" width=\"183\" height=\"300\" alt=\"Fb Img 1661369732667\" data-full-image=\"https:\/\/celineantoine.art\/wp-content\/uploads\/2024\/07\/FB_IMG_1661369732667-e1720969972279.jpg\" data-light-image=\"https:\/\/celineantoine.art\/wp-content\/uploads\/2024\/07\/FB_IMG_1661369732667-e1720969972279.jpg\" data-id=\"890\" class=\"wp-image-890\" srcset=\"https:\/\/celineantoine.art\/wp-content\/uploads\/2024\/07\/FB_IMG_1661369732667-e1720969972279-183x300.jpg 183w, https:\/\/celineantoine.art\/wp-content\/uploads\/2024\/07\/FB_IMG_1661369732667-e1720969972279-625x1024.jpg 625w, https:\/\/celineantoine.art\/wp-content\/uploads\/2024\/07\/FB_IMG_1661369732667-e1720969972279-768x1259.jpg 768w, https:\/\/celineantoine.art\/wp-content\/uploads\/2024\/07\/FB_IMG_1661369732667-e1720969972279-937x1536.jpg 937w, https:\/\/celineantoine.art\/wp-content\/uploads\/2024\/07\/FB_IMG_1661369732667-e1720969972279-7x12.jpg 7w, https:\/\/celineantoine.art\/wp-content\/uploads\/2024\/07\/FB_IMG_1661369732667-e1720969972279.jpg 976w\" sizes=\"auto, (max-width: 183px) 100vw, 183px\" \/><\/div><\/div><\/figure><\/div><\/li><li class=\"kadence-blocks-gallery-item\" tabindex=\"0\"><div class=\"kadence-blocks-gallery-item-inner\"><figure class=\"kb-gallery-figure\"><div class=\"kb-gal-image-radius\" style=\"max-width:300px;\"><div class=\"kb-gallery-image-contain kadence-blocks-gallery-intrinsic\" style=\"padding-bottom:56%;\"><img loading=\"lazy\" decoding=\"async\" src=\"https:\/\/celineantoine.art\/wp-content\/uploads\/2024\/07\/20140124_174615-300x169.jpg\" width=\"300\" height=\"169\" alt=\"20140124 174615\" data-full-image=\"https:\/\/celineantoine.art\/wp-content\/uploads\/2024\/07\/20140124_174615-scaled.jpg\" data-light-image=\"https:\/\/celineantoine.art\/wp-content\/uploads\/2024\/07\/20140124_174615-scaled.jpg\" data-id=\"759\" class=\"wp-image-759\" srcset=\"https:\/\/celineantoine.art\/wp-content\/uploads\/2024\/07\/20140124_174615-300x169.jpg 300w, https:\/\/celineantoine.art\/wp-content\/uploads\/2024\/07\/20140124_174615-1024x576.jpg 1024w, https:\/\/celineantoine.art\/wp-content\/uploads\/2024\/07\/20140124_174615-768x432.jpg 768w, https:\/\/celineantoine.art\/wp-content\/uploads\/2024\/07\/20140124_174615-1536x864.jpg 1536w, https:\/\/celineantoine.art\/wp-content\/uploads\/2024\/07\/20140124_174615-2048x1152.jpg 2048w, https:\/\/celineantoine.art\/wp-content\/uploads\/2024\/07\/20140124_174615-18x10.jpg 18w\" sizes=\"auto, (max-width: 300px) 100vw, 300px\" \/><\/div><\/div><\/figure><\/div><\/li><li class=\"kadence-blocks-gallery-item\" tabindex=\"0\"><div class=\"kadence-blocks-gallery-item-inner\"><figure class=\"kb-gallery-figure kadence-blocks-gallery-item-has-caption\"><div class=\"kb-gal-image-radius\" style=\"max-width:225px;\"><div class=\"kb-gallery-image-contain kadence-blocks-gallery-intrinsic\" style=\"padding-bottom:133%;\"><img loading=\"lazy\" decoding=\"async\" src=\"https:\/\/celineantoine.art\/wp-content\/uploads\/2024\/07\/20220412_164001-225x300.jpg\" width=\"225\" height=\"300\" alt=\"20220412 164001\" data-full-image=\"https:\/\/celineantoine.art\/wp-content\/uploads\/2024\/07\/20220412_164001-scaled.jpg\" data-light-image=\"https:\/\/celineantoine.art\/wp-content\/uploads\/2024\/07\/20220412_164001-scaled.jpg\" data-id=\"819\" class=\"wp-image-819\" srcset=\"https:\/\/celineantoine.art\/wp-content\/uploads\/2024\/07\/20220412_164001-225x300.jpg 225w, https:\/\/celineantoine.art\/wp-content\/uploads\/2024\/07\/20220412_164001-768x1024.jpg 768w, https:\/\/celineantoine.art\/wp-content\/uploads\/2024\/07\/20220412_164001-1152x1536.jpg 1152w, https:\/\/celineantoine.art\/wp-content\/uploads\/2024\/07\/20220412_164001-1536x2048.jpg 1536w, https:\/\/celineantoine.art\/wp-content\/uploads\/2024\/07\/20220412_164001-9x12.jpg 9w, https:\/\/celineantoine.art\/wp-content\/uploads\/2024\/07\/20220412_164001-scaled.jpg 1920w\" sizes=\"auto, (max-width: 225px) 100vw, 225px\" \/><\/div><div class=\"kadence-blocks-gallery-item__caption\">dans v\u00e9randa<\/div><\/div><\/figure><\/div><\/li><li class=\"kadence-blocks-gallery-item\" tabindex=\"0\"><div class=\"kadence-blocks-gallery-item-inner\"><figure class=\"kb-gallery-figure\"><div class=\"kb-gal-image-radius\" style=\"max-width:225px;\"><div class=\"kb-gallery-image-contain kadence-blocks-gallery-intrinsic\" style=\"padding-bottom:133%;\"><img loading=\"lazy\" decoding=\"async\" src=\"https:\/\/celineantoine.art\/wp-content\/uploads\/2024\/07\/20230323_125707-225x300.jpg\" width=\"225\" height=\"300\" alt=\"20230323 125707\" data-full-image=\"https:\/\/celineantoine.art\/wp-content\/uploads\/2024\/07\/20230323_125707-scaled.jpg\" data-light-image=\"https:\/\/celineantoine.art\/wp-content\/uploads\/2024\/07\/20230323_125707-scaled.jpg\" data-id=\"829\" class=\"wp-image-829\" srcset=\"https:\/\/celineantoine.art\/wp-content\/uploads\/2024\/07\/20230323_125707-225x300.jpg 225w, https:\/\/celineantoine.art\/wp-content\/uploads\/2024\/07\/20230323_125707-768x1024.jpg 768w, https:\/\/celineantoine.art\/wp-content\/uploads\/2024\/07\/20230323_125707-1152x1536.jpg 1152w, https:\/\/celineantoine.art\/wp-content\/uploads\/2024\/07\/20230323_125707-1536x2048.jpg 1536w, https:\/\/celineantoine.art\/wp-content\/uploads\/2024\/07\/20230323_125707-9x12.jpg 9w, https:\/\/celineantoine.art\/wp-content\/uploads\/2024\/07\/20230323_125707-scaled.jpg 1920w\" sizes=\"auto, (max-width: 225px) 100vw, 225px\" \/><\/div><\/div><\/figure><\/div><\/li><li class=\"kadence-blocks-gallery-item\" tabindex=\"0\"><div class=\"kadence-blocks-gallery-item-inner\"><figure class=\"kb-gallery-figure\"><div class=\"kb-gal-image-radius\" style=\"max-width:225px;\"><div class=\"kb-gallery-image-contain kadence-blocks-gallery-intrinsic\" style=\"padding-bottom:133%;\"><img loading=\"lazy\" decoding=\"async\" src=\"https:\/\/celineantoine.art\/wp-content\/uploads\/2024\/07\/20230323_130100-225x300.jpg\" width=\"225\" height=\"300\" alt=\"20230323 130100\" data-full-image=\"https:\/\/celineantoine.art\/wp-content\/uploads\/2024\/07\/20230323_130100-scaled.jpg\" data-light-image=\"https:\/\/celineantoine.art\/wp-content\/uploads\/2024\/07\/20230323_130100-scaled.jpg\" data-id=\"830\" class=\"wp-image-830\" srcset=\"https:\/\/celineantoine.art\/wp-content\/uploads\/2024\/07\/20230323_130100-225x300.jpg 225w, https:\/\/celineantoine.art\/wp-content\/uploads\/2024\/07\/20230323_130100-768x1024.jpg 768w, https:\/\/celineantoine.art\/wp-content\/uploads\/2024\/07\/20230323_130100-1152x1536.jpg 1152w, https:\/\/celineantoine.art\/wp-content\/uploads\/2024\/07\/20230323_130100-1536x2048.jpg 1536w, https:\/\/celineantoine.art\/wp-content\/uploads\/2024\/07\/20230323_130100-9x12.jpg 9w, https:\/\/celineantoine.art\/wp-content\/uploads\/2024\/07\/20230323_130100-scaled.jpg 1920w\" sizes=\"auto, (max-width: 225px) 100vw, 225px\" \/><\/div><\/div><\/figure><\/div><\/li><li class=\"kadence-blocks-gallery-item\" tabindex=\"0\"><div class=\"kadence-blocks-gallery-item-inner\"><figure class=\"kb-gallery-figure kadence-blocks-gallery-item-has-caption\"><div class=\"kb-gal-image-radius\" style=\"max-width:225px;\"><div class=\"kb-gallery-image-contain kadence-blocks-gallery-intrinsic\" style=\"padding-bottom:133%;\"><img loading=\"lazy\" decoding=\"async\" src=\"https:\/\/celineantoine.art\/wp-content\/uploads\/2024\/07\/20200529_183144-225x300.jpg\" width=\"225\" height=\"300\" alt=\"20200529 183144\" data-full-image=\"https:\/\/celineantoine.art\/wp-content\/uploads\/2024\/07\/20200529_183144-scaled.jpg\" data-light-image=\"https:\/\/celineantoine.art\/wp-content\/uploads\/2024\/07\/20200529_183144-scaled.jpg\" data-id=\"761\" class=\"wp-image-761\" srcset=\"https:\/\/celineantoine.art\/wp-content\/uploads\/2024\/07\/20200529_183144-225x300.jpg 225w, https:\/\/celineantoine.art\/wp-content\/uploads\/2024\/07\/20200529_183144-768x1024.jpg 768w, https:\/\/celineantoine.art\/wp-content\/uploads\/2024\/07\/20200529_183144-1152x1536.jpg 1152w, https:\/\/celineantoine.art\/wp-content\/uploads\/2024\/07\/20200529_183144-1536x2048.jpg 1536w, https:\/\/celineantoine.art\/wp-content\/uploads\/2024\/07\/20200529_183144-9x12.jpg 9w, https:\/\/celineantoine.art\/wp-content\/uploads\/2024\/07\/20200529_183144-scaled.jpg 1920w\" sizes=\"auto, (max-width: 225px) 100vw, 225px\" \/><\/div><div class=\"kadence-blocks-gallery-item__caption\">plafond<\/div><\/div><\/figure><\/div><\/li><li class=\"kadence-blocks-gallery-item\" tabindex=\"0\"><div class=\"kadence-blocks-gallery-item-inner\"><figure class=\"kb-gallery-figure kadence-blocks-gallery-item-has-caption\"><div class=\"kb-gal-image-radius\" style=\"max-width:200px;\"><div class=\"kb-gallery-image-contain kadence-blocks-gallery-intrinsic\" style=\"padding-bottom:150%;\"><img loading=\"lazy\" decoding=\"async\" src=\"https:\/\/celineantoine.art\/wp-content\/uploads\/2024\/07\/20230617_100839-200x300.jpg\" width=\"200\" height=\"300\" alt=\"20230617 100839\" data-full-image=\"https:\/\/celineantoine.art\/wp-content\/uploads\/2024\/07\/20230617_100839-scaled.jpg\" data-light-image=\"https:\/\/celineantoine.art\/wp-content\/uploads\/2024\/07\/20230617_100839-scaled.jpg\" data-id=\"920\" class=\"wp-image-920\" srcset=\"https:\/\/celineantoine.art\/wp-content\/uploads\/2024\/07\/20230617_100839-200x300.jpg 200w, https:\/\/celineantoine.art\/wp-content\/uploads\/2024\/07\/20230617_100839-683x1024.jpg 683w, https:\/\/celineantoine.art\/wp-content\/uploads\/2024\/07\/20230617_100839-768x1152.jpg 768w, https:\/\/celineantoine.art\/wp-content\/uploads\/2024\/07\/20230617_100839-1024x1536.jpg 1024w, https:\/\/celineantoine.art\/wp-content\/uploads\/2024\/07\/20230617_100839-1366x2048.jpg 1366w, https:\/\/celineantoine.art\/wp-content\/uploads\/2024\/07\/20230617_100839-8x12.jpg 8w, https:\/\/celineantoine.art\/wp-content\/uploads\/2024\/07\/20230617_100839-scaled.jpg 1707w\" sizes=\"auto, (max-width: 200px) 100vw, 200px\" \/><\/div><div class=\"kadence-blocks-gallery-item__caption\">avant<\/div><\/div><\/figure><\/div><\/li><li class=\"kadence-blocks-gallery-item\" tabindex=\"0\"><div class=\"kadence-blocks-gallery-item-inner\"><figure class=\"kb-gallery-figure kadence-blocks-gallery-item-has-caption\"><div class=\"kb-gal-image-radius\" style=\"max-width:162px;\"><div class=\"kb-gallery-image-contain kadence-blocks-gallery-intrinsic\" style=\"padding-bottom:185%;\"><img loading=\"lazy\" decoding=\"async\" src=\"https:\/\/celineantoine.art\/wp-content\/uploads\/2024\/07\/20230617_101015-162x300.jpg\" width=\"162\" height=\"300\" alt=\"20230617 101015\" data-full-image=\"https:\/\/celineantoine.art\/wp-content\/uploads\/2024\/07\/20230617_101015-scaled.jpg\" data-light-image=\"https:\/\/celineantoine.art\/wp-content\/uploads\/2024\/07\/20230617_101015-scaled.jpg\" data-id=\"1082\" class=\"wp-image-1082\" srcset=\"https:\/\/celineantoine.art\/wp-content\/uploads\/2024\/07\/20230617_101015-162x300.jpg 162w, https:\/\/celineantoine.art\/wp-content\/uploads\/2024\/07\/20230617_101015-551x1024.jpg 551w, https:\/\/celineantoine.art\/wp-content\/uploads\/2024\/07\/20230617_101015-768x1426.jpg 768w, https:\/\/celineantoine.art\/wp-content\/uploads\/2024\/07\/20230617_101015-827x1536.jpg 827w, https:\/\/celineantoine.art\/wp-content\/uploads\/2024\/07\/20230617_101015-1103x2048.jpg 1103w, https:\/\/celineantoine.art\/wp-content\/uploads\/2024\/07\/20230617_101015-6x12.jpg 6w, https:\/\/celineantoine.art\/wp-content\/uploads\/2024\/07\/20230617_101015-scaled.jpg 1378w\" sizes=\"auto, (max-width: 162px) 100vw, 162px\" \/><\/div><div class=\"kadence-blocks-gallery-item__caption\">Apr\u00e8s<\/div><\/div><\/figure><\/div><\/li><li class=\"kadence-blocks-gallery-item\" tabindex=\"0\"><div class=\"kadence-blocks-gallery-item-inner\"><figure class=\"kb-gallery-figure\"><div class=\"kb-gal-image-radius\" style=\"max-width:300px;\"><div class=\"kb-gallery-image-contain kadence-blocks-gallery-intrinsic\" style=\"padding-bottom:75%;\"><img loading=\"lazy\" decoding=\"async\" src=\"https:\/\/celineantoine.art\/wp-content\/uploads\/2024\/07\/20230610_153654-300x225.jpg\" width=\"300\" height=\"225\" alt=\"20230610 153654\" data-full-image=\"https:\/\/celineantoine.art\/wp-content\/uploads\/2024\/07\/20230610_153654-scaled.jpg\" data-light-image=\"https:\/\/celineantoine.art\/wp-content\/uploads\/2024\/07\/20230610_153654-scaled.jpg\" data-id=\"1081\" class=\"wp-image-1081\" srcset=\"https:\/\/celineantoine.art\/wp-content\/uploads\/2024\/07\/20230610_153654-300x225.jpg 300w, https:\/\/celineantoine.art\/wp-content\/uploads\/2024\/07\/20230610_153654-1024x768.jpg 1024w, https:\/\/celineantoine.art\/wp-content\/uploads\/2024\/07\/20230610_153654-768x576.jpg 768w, https:\/\/celineantoine.art\/wp-content\/uploads\/2024\/07\/20230610_153654-1536x1152.jpg 1536w, https:\/\/celineantoine.art\/wp-content\/uploads\/2024\/07\/20230610_153654-2048x1536.jpg 2048w, https:\/\/celineantoine.art\/wp-content\/uploads\/2024\/07\/20230610_153654-16x12.jpg 16w\" sizes=\"auto, (max-width: 300px) 100vw, 300px\" \/><\/div><\/div><\/figure><\/div><\/li><li class=\"kadence-blocks-gallery-item\" tabindex=\"0\"><div class=\"kadence-blocks-gallery-item-inner\"><figure class=\"kb-gallery-figure\"><div class=\"kb-gal-image-radius\" style=\"max-width:300px;\"><div class=\"kb-gallery-image-contain kadence-blocks-gallery-intrinsic\" style=\"padding-bottom:62%;\"><img loading=\"lazy\" decoding=\"async\" src=\"https:\/\/celineantoine.art\/wp-content\/uploads\/2024\/07\/20230526_104657-300x188.jpg\" width=\"300\" height=\"188\" alt=\"20230526 104657\" data-full-image=\"https:\/\/celineantoine.art\/wp-content\/uploads\/2024\/07\/20230526_104657-scaled.jpg\" data-light-image=\"https:\/\/celineantoine.art\/wp-content\/uploads\/2024\/07\/20230526_104657-scaled.jpg\" data-id=\"1080\" class=\"wp-image-1080\" srcset=\"https:\/\/celineantoine.art\/wp-content\/uploads\/2024\/07\/20230526_104657-300x188.jpg 300w, https:\/\/celineantoine.art\/wp-content\/uploads\/2024\/07\/20230526_104657-1024x640.jpg 1024w, https:\/\/celineantoine.art\/wp-content\/uploads\/2024\/07\/20230526_104657-768x480.jpg 768w, https:\/\/celineantoine.art\/wp-content\/uploads\/2024\/07\/20230526_104657-1536x960.jpg 1536w, https:\/\/celineantoine.art\/wp-content\/uploads\/2024\/07\/20230526_104657-2048x1280.jpg 2048w, https:\/\/celineantoine.art\/wp-content\/uploads\/2024\/07\/20230526_104657-18x12.jpg 18w\" sizes=\"auto, (max-width: 300px) 100vw, 300px\" \/><\/div><\/div><\/figure><\/div><\/li><li class=\"kadence-blocks-gallery-item\" tabindex=\"0\"><div class=\"kadence-blocks-gallery-item-inner\"><figure class=\"kb-gallery-figure\"><div class=\"kb-gal-image-radius\" style=\"max-width:225px;\"><div class=\"kb-gallery-image-contain kadence-blocks-gallery-intrinsic\" style=\"padding-bottom:133%;\"><img loading=\"lazy\" decoding=\"async\" src=\"https:\/\/celineantoine.art\/wp-content\/uploads\/2024\/07\/20230906_110511-225x300.jpg\" width=\"225\" height=\"300\" alt=\"20230906 110511\" data-full-image=\"https:\/\/celineantoine.art\/wp-content\/uploads\/2024\/07\/20230906_110511-scaled.jpg\" data-light-image=\"https:\/\/celineantoine.art\/wp-content\/uploads\/2024\/07\/20230906_110511-scaled.jpg\" data-id=\"1225\" class=\"wp-image-1225\" srcset=\"https:\/\/celineantoine.art\/wp-content\/uploads\/2024\/07\/20230906_110511-225x300.jpg 225w, https:\/\/celineantoine.art\/wp-content\/uploads\/2024\/07\/20230906_110511-768x1024.jpg 768w, https:\/\/celineantoine.art\/wp-content\/uploads\/2024\/07\/20230906_110511-1152x1536.jpg 1152w, https:\/\/celineantoine.art\/wp-content\/uploads\/2024\/07\/20230906_110511-1536x2048.jpg 1536w, https:\/\/celineantoine.art\/wp-content\/uploads\/2024\/07\/20230906_110511-9x12.jpg 9w, https:\/\/celineantoine.art\/wp-content\/uploads\/2024\/07\/20230906_110511-scaled.jpg 1920w\" sizes=\"auto, (max-width: 225px) 100vw, 225px\" \/><\/div><\/div><\/figure><\/div><\/li><\/ul><\/div>","protected":false},"excerpt":{"rendered":"<p>Trompe-l&rsquo;\u0153il et D\u00e9coration en int\u00e9rieur<\/p>","protected":false},"author":1,"featured_media":0,"parent":0,"menu_order":0,"comment_status":"closed","ping_status":"closed","template":"","meta":{"_kad_post_transparent":"","_kad_post_title":"hide","_kad_post_layout":"","_kad_post_sidebar_id":"","_kad_post_content_style":"","_kad_post_vertical_padding":"","_kad_post_feature":"","_kad_post_feature_position":"","_kad_post_header":false,"_kad_post_footer":false,"_kad_post_classname":"","slim_seo":{"title":"Trompe-l'\u0153il en Int\u00e9rieur - celineantoine.art","description":""},"footnotes":""},"class_list":["post-60","page","type-page","status-publish","hentry"],"_links":{"self":[{"href":"https:\/\/celineantoine.art\/en\/wp-json\/wp\/v2\/pages\/60","targetHints":{"allow":["GET"]}}],"collection":[{"href":"https:\/\/celineantoine.art\/en\/wp-json\/wp\/v2\/pages"}],"about":[{"href":"https:\/\/celineantoine.art\/en\/wp-json\/wp\/v2\/types\/page"}],"author":[{"embeddable":true,"href":"https:\/\/celineantoine.art\/en\/wp-json\/wp\/v2\/users\/1"}],"replies":[{"embeddable":true,"href":"https:\/\/celineantoine.art\/en\/wp-json\/wp\/v2\/comments?post=60"}],"version-history":[{"count":9,"href":"https:\/\/celineantoine.art\/en\/wp-json\/wp\/v2\/pages\/60\/revisions"}],"predecessor-version":[{"id":1227,"href":"https:\/\/celineantoine.art\/en\/wp-json\/wp\/v2\/pages\/60\/revisions\/1227"}],"wp:attachment":[{"href":"https:\/\/celineantoine.art\/en\/wp-json\/wp\/v2\/media?parent=60"}],"curies":[{"name":"wp","href":"https:\/\/api.w.org\/{rel}","templated":true}]}}